{"id":15,"date":"2025-12-10T17:45:58","date_gmt":"2025-12-10T17:45:58","guid":{"rendered":"https:\/\/vibz.dk\/gkc\/?page_id=15"},"modified":"2026-03-22T07:06:51","modified_gmt":"2026-03-22T07:06:51","slug":"velkommen","status":"publish","type":"page","link":"https:\/\/vibz.dk\/gkc\/","title":{"rendered":"Velkommen"},"content":{"rendered":"\n<div class=\"wp-block-columns is-layout-flex wp-container-core-columns-is-layout-9d6595d7 wp-block-columns-is-layout-flex\">\n<div class=\"wp-block-column is-vertically-aligned-center is-layout-flow wp-block-column-is-layout-flow\" style=\"flex-basis:66.66%\">\n<span class=\"notranslate\"><b>The G-Kids Collective <\/b><\/span>  er et kreativt musikprojekt dedikeret til popmusik med energi, farver og f\u00e6llesskab. Her samler vi sange, der ikke h\u00f8rer hjemme i de andre projekter, men som fortjener deres eget univers.\n<\/div>\n\n\n\n<div class=\"wp-block-column is-layout-flow wp-block-column-is-layout-flow\" style=\"flex-basis:33.33%\"><div class=\"wp-block-image\">\n<figure class=\"aligncenter size-large is-resized\"><img decoding=\"async\" src=\"https:\/\/jensgreiersen.direct.quickconnect.to\/wordpress\/wp-content\/uploads\/2026\/03\/GKC-Logo-ubg.png\" alt=\"\" style=\"width:208px;height:auto\"\/><\/figure>\n<\/div><\/div>\n<\/div>\n\n\n\nVi skaber musik med fokus p\u00e5 gl\u00e6de, melodi og moderne lyd \u2013 et sted hvor pop kan udfolde sig frit og uden begr\u00e6nsninger. <span class=\"notranslate\">The G-Kids Collective<\/span>  er b\u00e5de legende og seri\u00f8st, og fungerer som en platform til at udgive og dele nye id\u00e9er, eksperimenter og f\u00e6rdige tracks.\n\n\n\n<p class=\"notranslate\"><\/p>\n\n\n\n<h2 class=\"wp-block-heading has-text-align-center\"><a href=\"https:\/\/vibz.dk\/gkc\/musikken-2-0\/\" type=\"page\" id=\"582\">G\u00e5 til musikken<\/a><\/h2>\n\n\n\n<hr class=\"wp-block-separator has-alpha-channel-opacity is-style-wide\"\/>\n\n\n\n<h2 class=\"wp-block-heading has-text-align-center\" style=\"padding-top:0;padding-right:0;padding-bottom:0;padding-left:0\">Nyeste udgivelser<\/h2>\n\n\n<ul class=\"wp-block-latest-posts__list has-dates wp-block-latest-posts\"><li><a class=\"wp-block-latest-posts__post-title\" href=\"https:\/\/vibz.dk\/gkc\/the-star-of-table-nine\/\">The Star of Table Nine<\/a><time datetime=\"2026-04-17T06:28:53+00:00\" class=\"wp-block-latest-posts__post-date\">17 april 2026<\/time><div class=\"wp-block-latest-posts__post-full-content\"><!-- wp:columns -->\n<div class=\"wp-block-columns\"><!-- wp:column {\"width\":\"80%\"} -->\n<div class=\"wp-block-column\" style=\"flex-basis:80%\"><!-- wp:html -->\n<span class=\"notranslate\"><b>\u201cThe Star of Table Nine\u201d <\/b><\/span>  by <span class=\"notranslate\"><b>The G\u2011Kids Collective. <\/b><\/span> A warm and emotional story about a mother and her daughter finding their own little world inside a quiet diner after closing time. The song follows their shared moments of hope, rhythm, and the feeling of standing ten feet tall \u2014 even in the most ordinary places.\n<!-- \/wp:html -->\n\n<!-- wp:paragraph -->\n<p><a href=\"https:\/\/vibz.dk\/gkc\/the-star-of-table-nine\/\" id=\"860\">[Read more&#8230;]<\/a><\/p>\n<!-- \/wp:paragraph --><\/div>\n<!-- \/wp:column -->\n\n<!-- wp:column {\"width\":\"20%\"} -->\n<div class=\"wp-block-column\" style=\"flex-basis:20%\"><!-- wp:image {\"lightbox\":{\"enabled\":false},\"sizeSlug\":\"large\",\"linkDestination\":\"custom\"} -->\n<figure class=\"wp-block-image size-large\"><a href=\"https:\/\/vibz.dk\/gkc\/the-star-of-table-nine\/\"><img decoding=\"async\" src=\"https:\/\/jensgreiersen.direct.quickconnect.to\/wordpress\/wp-content\/uploads\/2026\/04\/The-Star-of-Table-Nine-coverbillede.png\" alt=\"\" \/><\/a><\/figure>\n<!-- \/wp:image --><\/div>\n<!-- \/wp:column --><\/div>\n<!-- \/wp:columns -->\n\n<!-- wp:separator -->\n<hr class=\"wp-block-separator has-alpha-channel-opacity\" \/>\n<!-- \/wp:separator -->\n\n<!-- wp:paragraph -->\n<p><\/p>\n<!-- \/wp:paragraph --><\/div><\/li>\n<li><a class=\"wp-block-latest-posts__post-title\" href=\"https:\/\/vibz.dk\/gkc\/the-weather-thinks-were-in-love\/\">The Weather Thinks We\u2019re In Love<\/a><time datetime=\"2026-04-17T05:41:32+00:00\" class=\"wp-block-latest-posts__post-date\">17 april 2026<\/time><div class=\"wp-block-latest-posts__post-full-content\"><!-- wp:columns -->\n<div class=\"wp-block-columns\"><!-- wp:column {\"width\":\"80%\"} -->\n<div class=\"wp-block-column\" style=\"flex-basis:80%\"><!-- wp:html -->\n<span class=\"notranslate\"><b>\u201cThe Weather Thinks We\u2019re In Love\u201d <\/b><\/span>  by <span class=\"notranslate\"><b>The G\u2011Kids Collective. <\/b><\/span> A song about small signs, big feelings, and everything the sky reveals before we dare to. Art pop with a touch of drama, synth and a playful wink.\n<!-- \/wp:html -->\n\n<!-- wp:paragraph -->\n<p><a href=\"https:\/\/vibz.dk\/gkc\/the-weather-thinks-were-in-love\/\" id=\"852\">[Read more&#8230;]<\/a><\/p>\n<!-- \/wp:paragraph --><\/div>\n<!-- \/wp:column -->\n\n<!-- wp:column {\"width\":\"20%\"} -->\n<div class=\"wp-block-column\" style=\"flex-basis:20%\"><!-- wp:image {\"lightbox\":{\"enabled\":false},\"sizeSlug\":\"large\",\"linkDestination\":\"custom\"} -->\n<figure class=\"wp-block-image size-large\"><a href=\"https:\/\/vibz.dk\/gkc\/the-weather-thinks-were-in-love\/\"><img decoding=\"async\" src=\"https:\/\/jensgreiersen.direct.quickconnect.to\/wordpress\/wp-content\/uploads\/2026\/04\/The-Weather-Thinks-Were-In-Love-The-G-Kids-Collective-music-mp3-image.png\" alt=\"\" \/><\/a><\/figure>\n<!-- \/wp:image --><\/div>\n<!-- \/wp:column --><\/div>\n<!-- \/wp:columns -->\n\n<!-- wp:separator -->\n<hr class=\"wp-block-separator has-alpha-channel-opacity\" \/>\n<!-- \/wp:separator -->\n\n<!-- wp:paragraph -->\n<p><\/p>\n<!-- \/wp:paragraph --><\/div><\/li>\n<li><a class=\"wp-block-latest-posts__post-title\" href=\"https:\/\/vibz.dk\/gkc\/selected-works-vol-1\/\">Album udgivelse \u201cSelected Works Vol.1 &#8211; The G-Kids Collective\u201d<\/a><time datetime=\"2026-04-10T08:17:56+00:00\" class=\"wp-block-latest-posts__post-date\">10 april 2026<\/time><div class=\"wp-block-latest-posts__post-full-content\"><!-- wp:columns -->\n<div class=\"wp-block-columns\"><!-- wp:column {\"width\":\"80%\"} -->\n<div class=\"wp-block-column\" style=\"flex-basis:80%\"><!-- wp:html -->\nThis album features nine selected singles from <span class=\"notranslate\"><b>The G-Kids Collective, <\/b><\/span> showcasing the project\u2019s signature blend of cinematic soundscapes, emotional storytelling, and rhythmic energy. Whether you\u2019re here to discover or rediscover, this collection captures the heart of The G-Kids Collective universe. Press play and let the journey begin.\n<!-- \/wp:html -->\n\n<!-- wp:paragraph -->\n<p>The album&#8217;s total playing time is: 37 min. og 8 sek.<\/p>\n<!-- \/wp:paragraph -->\n\n<!-- wp:paragraph -->\n<p><a href=\"https:\/\/vibz.dk\/gkc\/selected-works-vol-1\/\" id=\"865\">[L\u00e6s mere]<\/a><\/p>\n<!-- \/wp:paragraph --><\/div>\n<!-- \/wp:column -->\n\n<!-- wp:column {\"width\":\"20%\"} -->\n<div class=\"wp-block-column\" style=\"flex-basis:20%\"><!-- wp:image {\"lightbox\":{\"enabled\":false},\"sizeSlug\":\"large\",\"linkDestination\":\"custom\"} -->\n<figure class=\"wp-block-image size-large\"><a href=\"https:\/\/vibz.dk\/gkc\/selected-works-vol-1\/\"><img decoding=\"async\" src=\"https:\/\/vibz.dk\/gkc\/wp-content\/uploads\/2026\/04\/Selected-works-vol1-Coverbillede-1024x1024.png\" alt=\"\" \/><\/a><\/figure>\n<!-- \/wp:image --><\/div>\n<!-- \/wp:column --><\/div>\n<!-- \/wp:columns -->\n\n<!-- wp:separator -->\n<hr class=\"wp-block-separator has-alpha-channel-opacity\" \/>\n<!-- \/wp:separator -->\n\n<!-- wp:paragraph -->\n<p><\/p>\n<!-- \/wp:paragraph --><\/div><\/li>\n<li><a class=\"wp-block-latest-posts__post-title\" href=\"https:\/\/vibz.dk\/gkc\/parisian-breakout\/\">Single: Parisian Breakout<\/a><time datetime=\"2026-04-09T15:15:34+00:00\" class=\"wp-block-latest-posts__post-date\">9 april 2026<\/time><div class=\"wp-block-latest-posts__post-full-content\"><!-- wp:columns -->\n<div class=\"wp-block-columns\"><!-- wp:column {\"width\":\"80%\"} -->\n<div class=\"wp-block-column\" style=\"flex-basis:80%\"><!-- wp:html -->\n<span class=\"notranslate\"><b>\u201cParisian Breakout\u201d <\/b><\/span>  by <span class=\"notranslate\"><b>The G\u2011Kids Collective. <\/b><\/span> a powerful blend of tribal drums, New Wave pulse, and raw, cinematic vocals. A fierce anthem about breaking free and stepping into the fire.\n<!-- \/wp:html -->\n\n<!-- wp:paragraph -->\n<p><a href=\"https:\/\/vibz.dk\/gkc\/parisian-breakout\/\" id=\"728\">[Read more&#8230;]<\/a><\/p>\n<!-- \/wp:paragraph --><\/div>\n<!-- \/wp:column -->\n\n<!-- wp:column {\"width\":\"20%\"} -->\n<div class=\"wp-block-column\" style=\"flex-basis:20%\"><!-- wp:image {\"lightbox\":{\"enabled\":false},\"sizeSlug\":\"large\",\"linkDestination\":\"custom\"} -->\n<figure class=\"wp-block-image size-large\"><a href=\"https:\/\/vibz.dk\/gkc\/parisian-breakout\/\"><img decoding=\"async\" src=\"https:\/\/jensgreiersen.direct.quickconnect.to\/wordpress\/wp-content\/uploads\/2026\/03\/Parisian-Breakout-The-G-Kids-Collective-misic-mp3-image.png\" alt=\"\" \/><\/a><\/figure>\n<!-- \/wp:image --><\/div>\n<!-- \/wp:column --><\/div>\n<!-- \/wp:columns -->\n\n<!-- wp:separator -->\n<hr class=\"wp-block-separator has-alpha-channel-opacity\" \/>\n<!-- \/wp:separator --><\/div><\/li>\n<\/ul>\n\n\n<p>Her handler det ikke kun om musik \u2013 men om at skabe et rum, hvor kreativitet og f\u00e6llesskab kan vokse.<\/p>\n","protected":false},"excerpt":{"rendered":"<p>The G-Kids Collective er et kreativt musikprojekt dedikeret til popmusik med energi, farver og f\u00e6llesskab. Her samler vi sange, der ikke h\u00f8rer hjemme i de [&#8230;]<\/p>\n","protected":false},"author":1,"featured_media":0,"parent":0,"menu_order":0,"comment_status":"closed","ping_status":"closed","template":"templates\/template-no-title.php","meta":{"footnotes":"","_links_to":"","_links_to_target":""},"class_list":["post-15","page","type-page","status-publish","hentry"],"yoast_head":"<!-- This site is optimized with the Yoast SEO plugin v27.4 - https:\/\/yoast.com\/product\/yoast-seo-wordpress\/ -->\n<title>Velkommen - The G-Kids Collective<\/title>\n<meta name=\"description\" content=\"\u201cThe G-Kids Collective er et dansk popmusik-projekt med farver, energi og f\u00e6llesskab. Oplev original musik og kreative udgivelser.\u201d\" \/>\n<meta name=\"robots\" content=\"index, follow, max-snippet:-1, max-image-preview:large, max-video-preview:-1\" \/>\n<link rel=\"canonical\" href=\"https:\/\/vibz.dk\/gkc\/\" \/>\n<meta property=\"og:locale\" content=\"da_DK\" \/>\n<meta property=\"og:type\" content=\"article\" \/>\n<meta property=\"og:title\" content=\"Velkommen - The G-Kids Collective\" \/>\n<meta property=\"og:description\" content=\"\u201cThe G-Kids Collective er et dansk popmusik-projekt med farver, energi og f\u00e6llesskab. Oplev original musik og kreative udgivelser.\u201d\" \/>\n<meta property=\"og:url\" content=\"https:\/\/vibz.dk\/gkc\/\" \/>\n<meta property=\"og:site_name\" content=\"The G-Kids Collective\" \/>\n<meta property=\"article:modified_time\" content=\"2026-03-22T07:06:51+00:00\" \/>\n<meta property=\"og:image\" content=\"https:\/\/jensgreiersen.direct.quickconnect.to\/wordpress\/wp-content\/uploads\/2026\/03\/GKC-Logo-ubg.png\" \/>\n<meta name=\"twitter:card\" content=\"summary_large_image\" \/>\n<meta name=\"twitter:label1\" content=\"Estimeret l\u00e6setid\" \/>\n\t<meta name=\"twitter:data1\" content=\"1 minut\" \/>\n<script type=\"application\/ld+json\" class=\"yoast-schema-graph\">{\"@context\":\"https:\\\/\\\/schema.org\",\"@graph\":[{\"@type\":\"WebPage\",\"@id\":\"https:\\\/\\\/vibz.dk\\\/gkc\\\/\",\"url\":\"https:\\\/\\\/vibz.dk\\\/gkc\\\/\",\"name\":\"Velkommen - The G-Kids Collective\",\"isPartOf\":{\"@id\":\"https:\\\/\\\/vibz.dk\\\/gkc\\\/#website\"},\"primaryImageOfPage\":{\"@id\":\"https:\\\/\\\/vibz.dk\\\/gkc\\\/#primaryimage\"},\"image\":{\"@id\":\"https:\\\/\\\/vibz.dk\\\/gkc\\\/#primaryimage\"},\"thumbnailUrl\":\"https:\\\/\\\/jensgreiersen.direct.quickconnect.to\\\/wordpress\\\/wp-content\\\/uploads\\\/2026\\\/03\\\/GKC-Logo-ubg.png\",\"datePublished\":\"2025-12-10T17:45:58+00:00\",\"dateModified\":\"2026-03-22T07:06:51+00:00\",\"description\":\"\u201cThe G-Kids Collective er et dansk popmusik-projekt med farver, energi og f\u00e6llesskab. Oplev original musik og kreative udgivelser.\u201d\",\"breadcrumb\":{\"@id\":\"https:\\\/\\\/vibz.dk\\\/gkc\\\/#breadcrumb\"},\"inLanguage\":\"da-DK\",\"potentialAction\":[{\"@type\":\"ReadAction\",\"target\":[\"https:\\\/\\\/vibz.dk\\\/gkc\\\/\"]}]},{\"@type\":\"ImageObject\",\"inLanguage\":\"da-DK\",\"@id\":\"https:\\\/\\\/vibz.dk\\\/gkc\\\/#primaryimage\",\"url\":\"https:\\\/\\\/jensgreiersen.direct.quickconnect.to\\\/wordpress\\\/wp-content\\\/uploads\\\/2026\\\/03\\\/GKC-Logo-ubg.png\",\"contentUrl\":\"https:\\\/\\\/jensgreiersen.direct.quickconnect.to\\\/wordpress\\\/wp-content\\\/uploads\\\/2026\\\/03\\\/GKC-Logo-ubg.png\"},{\"@type\":\"BreadcrumbList\",\"@id\":\"https:\\\/\\\/vibz.dk\\\/gkc\\\/#breadcrumb\",\"itemListElement\":[{\"@type\":\"ListItem\",\"position\":1,\"name\":\"Hjem\",\"item\":\"https:\\\/\\\/vibz.dk\\\/gkc\\\/\"},{\"@type\":\"ListItem\",\"position\":2,\"name\":\"Velkommen\"}]},{\"@type\":\"WebSite\",\"@id\":\"https:\\\/\\\/vibz.dk\\\/gkc\\\/#website\",\"url\":\"https:\\\/\\\/vibz.dk\\\/gkc\\\/\",\"name\":\"The G-Kids Collective\",\"description\":\"The G-Kids Collective\",\"publisher\":{\"@id\":\"https:\\\/\\\/vibz.dk\\\/gkc\\\/#organization\"},\"potentialAction\":[{\"@type\":\"SearchAction\",\"target\":{\"@type\":\"EntryPoint\",\"urlTemplate\":\"https:\\\/\\\/vibz.dk\\\/gkc\\\/?s={search_term_string}\"},\"query-input\":{\"@type\":\"PropertyValueSpecification\",\"valueRequired\":true,\"valueName\":\"search_term_string\"}}],\"inLanguage\":\"da-DK\"},{\"@type\":\"Organization\",\"@id\":\"https:\\\/\\\/vibz.dk\\\/gkc\\\/#organization\",\"name\":\"The G-Kids Collective\",\"url\":\"https:\\\/\\\/vibz.dk\\\/gkc\\\/\",\"logo\":{\"@type\":\"ImageObject\",\"inLanguage\":\"da-DK\",\"@id\":\"https:\\\/\\\/vibz.dk\\\/gkc\\\/#\\\/schema\\\/logo\\\/image\\\/\",\"url\":\"https:\\\/\\\/vibz.dk\\\/gkc\\\/wp-content\\\/uploads\\\/2025\\\/12\\\/cropped-banner-GKC.jpg\",\"contentUrl\":\"https:\\\/\\\/vibz.dk\\\/gkc\\\/wp-content\\\/uploads\\\/2025\\\/12\\\/cropped-banner-GKC.jpg\",\"width\":1092,\"height\":255,\"caption\":\"The G-Kids Collective\"},\"image\":{\"@id\":\"https:\\\/\\\/vibz.dk\\\/gkc\\\/#\\\/schema\\\/logo\\\/image\\\/\"}}]}<\/script>\n<!-- \/ Yoast SEO plugin. -->","yoast_head_json":{"title":"Velkommen - The G-Kids Collective","description":"\u201cThe G-Kids Collective er et dansk popmusik-projekt med farver, energi og f\u00e6llesskab. Oplev original musik og kreative udgivelser.\u201d","robots":{"index":"index","follow":"follow","max-snippet":"max-snippet:-1","max-image-preview":"max-image-preview:large","max-video-preview":"max-video-preview:-1"},"canonical":"https:\/\/vibz.dk\/gkc\/","og_locale":"da_DK","og_type":"article","og_title":"Velkommen - The G-Kids Collective","og_description":"\u201cThe G-Kids Collective er et dansk popmusik-projekt med farver, energi og f\u00e6llesskab. Oplev original musik og kreative udgivelser.\u201d","og_url":"https:\/\/vibz.dk\/gkc\/","og_site_name":"The G-Kids Collective","article_modified_time":"2026-03-22T07:06:51+00:00","og_image":[{"url":"https:\/\/jensgreiersen.direct.quickconnect.to\/wordpress\/wp-content\/uploads\/2026\/03\/GKC-Logo-ubg.png","type":"","width":"","height":""}],"twitter_card":"summary_large_image","twitter_misc":{"Estimeret l\u00e6setid":"1 minut"},"schema":{"@context":"https:\/\/schema.org","@graph":[{"@type":"WebPage","@id":"https:\/\/vibz.dk\/gkc\/","url":"https:\/\/vibz.dk\/gkc\/","name":"Velkommen - The G-Kids Collective","isPartOf":{"@id":"https:\/\/vibz.dk\/gkc\/#website"},"primaryImageOfPage":{"@id":"https:\/\/vibz.dk\/gkc\/#primaryimage"},"image":{"@id":"https:\/\/vibz.dk\/gkc\/#primaryimage"},"thumbnailUrl":"https:\/\/jensgreiersen.direct.quickconnect.to\/wordpress\/wp-content\/uploads\/2026\/03\/GKC-Logo-ubg.png","datePublished":"2025-12-10T17:45:58+00:00","dateModified":"2026-03-22T07:06:51+00:00","description":"\u201cThe G-Kids Collective er et dansk popmusik-projekt med farver, energi og f\u00e6llesskab. Oplev original musik og kreative udgivelser.\u201d","breadcrumb":{"@id":"https:\/\/vibz.dk\/gkc\/#breadcrumb"},"inLanguage":"da-DK","potentialAction":[{"@type":"ReadAction","target":["https:\/\/vibz.dk\/gkc\/"]}]},{"@type":"ImageObject","inLanguage":"da-DK","@id":"https:\/\/vibz.dk\/gkc\/#primaryimage","url":"https:\/\/jensgreiersen.direct.quickconnect.to\/wordpress\/wp-content\/uploads\/2026\/03\/GKC-Logo-ubg.png","contentUrl":"https:\/\/jensgreiersen.direct.quickconnect.to\/wordpress\/wp-content\/uploads\/2026\/03\/GKC-Logo-ubg.png"},{"@type":"BreadcrumbList","@id":"https:\/\/vibz.dk\/gkc\/#breadcrumb","itemListElement":[{"@type":"ListItem","position":1,"name":"Hjem","item":"https:\/\/vibz.dk\/gkc\/"},{"@type":"ListItem","position":2,"name":"Velkommen"}]},{"@type":"WebSite","@id":"https:\/\/vibz.dk\/gkc\/#website","url":"https:\/\/vibz.dk\/gkc\/","name":"The G-Kids Collective","description":"The G-Kids Collective","publisher":{"@id":"https:\/\/vibz.dk\/gkc\/#organization"},"potentialAction":[{"@type":"SearchAction","target":{"@type":"EntryPoint","urlTemplate":"https:\/\/vibz.dk\/gkc\/?s={search_term_string}"},"query-input":{"@type":"PropertyValueSpecification","valueRequired":true,"valueName":"search_term_string"}}],"inLanguage":"da-DK"},{"@type":"Organization","@id":"https:\/\/vibz.dk\/gkc\/#organization","name":"The G-Kids Collective","url":"https:\/\/vibz.dk\/gkc\/","logo":{"@type":"ImageObject","inLanguage":"da-DK","@id":"https:\/\/vibz.dk\/gkc\/#\/schema\/logo\/image\/","url":"https:\/\/vibz.dk\/gkc\/wp-content\/uploads\/2025\/12\/cropped-banner-GKC.jpg","contentUrl":"https:\/\/vibz.dk\/gkc\/wp-content\/uploads\/2025\/12\/cropped-banner-GKC.jpg","width":1092,"height":255,"caption":"The G-Kids Collective"},"image":{"@id":"https:\/\/vibz.dk\/gkc\/#\/schema\/logo\/image\/"}}]}},"_links":{"self":[{"href":"https:\/\/vibz.dk\/gkc\/wp-json\/wp\/v2\/pages\/15","targetHints":{"allow":["GET"]}}],"collection":[{"href":"https:\/\/vibz.dk\/gkc\/wp-json\/wp\/v2\/pages"}],"about":[{"href":"https:\/\/vibz.dk\/gkc\/wp-json\/wp\/v2\/types\/page"}],"author":[{"embeddable":true,"href":"https:\/\/vibz.dk\/gkc\/wp-json\/wp\/v2\/users\/1"}],"replies":[{"embeddable":true,"href":"https:\/\/vibz.dk\/gkc\/wp-json\/wp\/v2\/comments?post=15"}],"version-history":[{"count":30,"href":"https:\/\/vibz.dk\/gkc\/wp-json\/wp\/v2\/pages\/15\/revisions"}],"predecessor-version":[{"id":792,"href":"https:\/\/vibz.dk\/gkc\/wp-json\/wp\/v2\/pages\/15\/revisions\/792"}],"wp:attachment":[{"href":"https:\/\/vibz.dk\/gkc\/wp-json\/wp\/v2\/media?parent=15"}],"curies":[{"name":"wp","href":"https:\/\/api.w.org\/{rel}","templated":true}]}}