{"id":583,"date":"2026-02-14T05:09:43","date_gmt":"2026-02-14T05:09:43","guid":{"rendered":"https:\/\/vibz.dk\/gkc\/?page_id=583"},"modified":"2026-03-22T07:53:05","modified_gmt":"2026-03-22T07:53:05","slug":"musiken-2-1","status":"publish","type":"page","link":"https:\/\/vibz.dk\/gkc\/musiken-2-1\/","title":{"rendered":"Musiken 2.1"},"content":{"rendered":"\n<div class=\"wp-block-columns is-layout-flex wp-container-core-columns-is-layout-9d6595d7 wp-block-columns-is-layout-flex\">\n<div class=\"wp-block-column is-layout-flow wp-block-column-is-layout-flow\" style=\"flex-basis:66.66%\">\n<p data-wp-context---core-fit-text=\"core\/fit-text::{&quot;fontSize&quot;:&quot;&quot;}\" data-wp-init---core-fit-text=\"core\/fit-text::callbacks.init\" data-wp-interactive data-wp-style--font-size=\"core\/fit-text::context.fontSize\" class=\"has-text-align-center has-fit-text\" style=\"line-height:1\">Special<br>Musik<\/p>\n<\/div>\n\n\n\n<div class=\"wp-block-column is-layout-flow wp-block-column-is-layout-flow\" style=\"flex-basis:33.33%\">\n<figure class=\"wp-block-flexible-table-block-table\"><table class=\"has-fixed-layout\" style=\"border-style:solid;border-color:#84848f\"><thead><tr><th style=\"text-align:center;line-height:1;border-color:#84848f\"><strong>Udgivelser<\/strong><\/th><\/tr><\/thead><tbody><tr><td style=\"text-align:center;line-height:0.8;background-color:transparent;border-color:#84848f\"><a href=\"#nytar\" type=\"internal\" id=\"#2026\">Nyt\u00e5r<\/a><\/td><\/tr><tr><td style=\"text-align:center;line-height:0.8;background-color:transparent;border-color:#84848f\"><a href=\"#jul\" type=\"internal\" id=\"#2025\">Jul<\/a><\/td><\/tr><tr><td style=\"text-align:center;line-height:0.8;background-color:transparent;border-color:#84848f\"><a href=\"#fastelavn\" type=\"internal\" id=\"#album\">Fastelavn<\/a><\/td><\/tr><tr><td style=\"text-align:center;line-height:0.8;background-color:transparent;border-color:#84848f\"><a href=\"https:\/\/vibz.dk\/gkc\/musikken-2-0\/\" type=\"page\" id=\"582\">Til Musiken<\/a><\/td><\/tr><\/tbody><\/table><\/figure>\n<\/div>\n<\/div>\n\n\n\n<h1 class=\"wp-block-heading has-text-align-center has-light-gray-background-color has-background\" id=\"special\" style=\"padding-top:0;padding-right:0;padding-bottom:0;padding-left:0\">Special udgivelser<\/h1>\n\n\n<ul class=\"wp-block-latest-posts__list has-dates wp-block-latest-posts\"><li><a class=\"wp-block-latest-posts__post-title\" href=\"https:\/\/vibz.dk\/gkc\/congratulations-king-hans\/\">Special udgivelse &#8220;Congratulations King Hans&#8221;<\/a><time datetime=\"2026-02-20T05:00:00+00:00\" class=\"wp-block-latest-posts__post-date\">20 februar 2026<\/time><div class=\"wp-block-latest-posts__post-full-content\"><!-- wp:columns -->\n<div class=\"wp-block-columns\"><!-- wp:column {\"width\":\"80%\"} -->\n<div class=\"wp-block-column\" style=\"flex-basis:80%\"><!-- wp:html -->\n<span class=\"notranslate\"><b>&#8220;Congratulations King Hans&#8221; <\/b><\/span> er en sang til min bro. En m\u00f8rk og atmosf\u00e6risk 80\u2019er\u2011inspireret synth\u2011pop hyldestsang med dyb baritonvokal, kolde analoge pads og en pulserende LinnDrum\u2011f\u00f8lelse.\n<!-- \/wp:html -->\n\n<!-- wp:paragraph -->\n<p><a href=\"https:\/\/vibz.dk\/gkc\/congratulations-king-hans\/\">[L\u00e6s mere]<\/a><\/p>\n<!-- \/wp:paragraph --><\/div>\n<!-- \/wp:column -->\n\n<!-- wp:column {\"width\":\"20%\"} -->\n<div class=\"wp-block-column\" style=\"flex-basis:20%\"><!-- wp:image {\"lightbox\":{\"enabled\":false},\"sizeSlug\":\"large\",\"linkDestination\":\"custom\"} -->\n<figure class=\"wp-block-image size-large\"><a href=\"https:\/\/vibz.dk\/gkc\/congratulations-king-hans\/\"><img decoding=\"async\" src=\"https:\/\/jensgreiersen.direct.quickconnect.to\/wordpress\/wp-content\/uploads\/2026\/02\/KH-coverbillede-mtxt.png\" alt=\"\" \/><\/a><\/figure>\n<!-- \/wp:image --><\/div>\n<!-- \/wp:column --><\/div>\n<!-- \/wp:columns -->\n\n<!-- wp:separator -->\n<hr class=\"wp-block-separator has-alpha-channel-opacity\" \/>\n<!-- \/wp:separator -->\n\n<!-- wp:paragraph -->\n<p><\/p>\n<!-- \/wp:paragraph --><\/div><\/li>\n<li><a class=\"wp-block-latest-posts__post-title\" href=\"https:\/\/vibz.dk\/gkc\/born-on-a-valentine\/\">Special udgivelse &#8220;Born on a Valentine&#8221;<\/a><time datetime=\"2026-02-14T05:00:00+00:00\" class=\"wp-block-latest-posts__post-date\">14 februar 2026<\/time><div class=\"wp-block-latest-posts__post-full-content\"><!-- wp:columns -->\n<div class=\"wp-block-columns\"><!-- wp:column {\"width\":\"80%\"} -->\n<div class=\"wp-block-column\" style=\"flex-basis:80%\"><!-- wp:html -->\n<span class=\"notranslate\"><b>&#8220;Born on a Valentine&#8221;. <\/b><\/span> Denne sang er en alternativ pop\u2011rock hyldest til en datter, der kom til verden p\u00e5 en vinterdag og voksede op med gnist, mod og et hjerte, der altid slog i takt med det frie.\n<!-- \/wp:html -->\n\n<!-- wp:paragraph -->\n<p><a href=\"https:\/\/vibz.dk\/gkc\/born-on-a-valentine\/\">[L\u00e6s mere]<\/a><\/p>\n<!-- \/wp:paragraph --><\/div>\n<!-- \/wp:column -->\n\n<!-- wp:column {\"width\":\"20%\"} -->\n<div class=\"wp-block-column\" style=\"flex-basis:20%\"><!-- wp:image {\"lightbox\":{\"enabled\":false},\"sizeSlug\":\"large\",\"linkDestination\":\"custom\"} -->\n<figure class=\"wp-block-image size-large\"><a href=\"https:\/\/vibz.dk\/gkc\/born-on-a-valentine\/\"><img decoding=\"async\" src=\"https:\/\/jensgreiersen.direct.quickconnect.to\/wordpress\/wp-content\/uploads\/2026\/01\/Born-on-a-Valentine-Coverbillede-Y.png\" alt=\"\" \/><\/a><\/figure>\n<!-- \/wp:image --><\/div>\n<!-- \/wp:column --><\/div>\n<!-- \/wp:columns -->\n\n<!-- wp:separator -->\n<hr class=\"wp-block-separator has-alpha-channel-opacity\" \/>\n<!-- \/wp:separator -->\n\n<!-- wp:paragraph -->\n<p><\/p>\n<!-- \/wp:paragraph --><\/div><\/li>\n<li><a class=\"wp-block-latest-posts__post-title\" href=\"https:\/\/vibz.dk\/gkc\/marc-1993\/\">Special udgivelse &#8220;MARC 1993&#8221;<\/a><time datetime=\"2026-02-09T05:00:00+00:00\" class=\"wp-block-latest-posts__post-date\">9 februar 2026<\/time><div class=\"wp-block-latest-posts__post-full-content\"><!-- wp:columns -->\n<div class=\"wp-block-columns\"><!-- wp:column {\"width\":\"80%\"} -->\n<div class=\"wp-block-column\" style=\"flex-basis:80%\"><!-- wp:html -->\nTil \u00e6re for <span class=\"notranslate\"><b>Marc <\/b><\/span> har <span class=\"notranslate\"><b>\u201cThe G-Kids Collective\u201d <\/b><\/span> skabt sangen <span class=\"notranslate\"><b>&#8220;MARC 1993&#8221; <\/b><\/span><br \/>\r\nTillykke.\n<!-- \/wp:html -->\n\n<!-- wp:paragraph -->\n<p><a href=\"https:\/\/vibz.dk\/gkc\/marc-1993\/\">[L\u00e6s mere]<\/a><\/p>\n<!-- \/wp:paragraph --><\/div>\n<!-- \/wp:column -->\n\n<!-- wp:column {\"width\":\"20%\"} -->\n<div class=\"wp-block-column\" style=\"flex-basis:20%\"><!-- wp:image {\"lightbox\":{\"enabled\":false},\"sizeSlug\":\"large\",\"linkDestination\":\"custom\"} -->\n<figure class=\"wp-block-image size-large\"><a href=\"https:\/\/vibz.dk\/gkc\/marc-1993\/\"><img decoding=\"async\" src=\"https:\/\/jensgreiersen.direct.quickconnect.to\/wordpress\/wp-content\/uploads\/2026\/01\/MARC-1993-The-G-Kids-Collective-music-mp3-image.png\" alt=\"\" \/><\/a><\/figure>\n<!-- \/wp:image --><\/div>\n<!-- \/wp:column --><\/div>\n<!-- \/wp:columns -->\n\n<!-- wp:separator -->\n<hr class=\"wp-block-separator has-alpha-channel-opacity\" \/>\n<!-- \/wp:separator --><\/div><\/li>\n<\/ul>\n\n\n<h1 class=\"wp-block-heading has-text-align-center has-light-gray-background-color has-background\" id=\"nytar\" style=\"padding-top:0;padding-right:0;padding-bottom:0;padding-left:0\">Nyt\u00e5r<\/h1>\n\n\n<ul class=\"wp-block-latest-posts__list has-dates wp-block-latest-posts\"><li><a class=\"wp-block-latest-posts__post-title\" href=\"https:\/\/vibz.dk\/gkc\/this-year-is-ours\/\">Udgivelse af Nyt\u00e5rssang &#8220;This Year is Ours&#8221;<\/a><time datetime=\"2025-12-19T05:00:00+00:00\" class=\"wp-block-latest-posts__post-date\">19 december 2025<\/time><div class=\"wp-block-latest-posts__post-full-content\"><!-- wp:columns -->\n<div class=\"wp-block-columns\"><!-- wp:column {\"width\":\"80%\"} -->\n<div class=\"wp-block-column\" style=\"flex-basis:80%\"><!-- wp:html -->\n<span class=\"notranslate\"><b>&#8220;This Year is Ours&#8221; <\/b><\/span> er en ny nyt\u00e5rets sang. Med st\u00e6rke vers og et f\u00e6ngende countdown\u2011kor synger vi om h\u00e5b, dr\u00f8mme og modet til at starte p\u00e5 ny. Sangen minder os om, at \u00e5ret bliver pr\u00e6cis det vi g\u00f8r det til: \u201cDream it big, play it loud, set your spirit free.\n<!-- \/wp:html -->\n\n<!-- wp:paragraph -->\n<p><a href=\"https:\/\/vibz.dk\/gkc\/mad-mad-mad\/\" id=\"178\">[L\u00e6s mere]<\/a><\/p>\n<!-- \/wp:paragraph --><\/div>\n<!-- \/wp:column -->\n\n<!-- wp:column {\"width\":\"20%\"} -->\n<div class=\"wp-block-column\" style=\"flex-basis:20%\"><!-- wp:image {\"lightbox\":{\"enabled\":false},\"sizeSlug\":\"large\",\"linkDestination\":\"custom\"} -->\n<figure class=\"wp-block-image size-large\"><a href=\"https:\/\/vibz.dk\/gkc\/this-year-is-ours\/\"><img decoding=\"async\" src=\"https:\/\/jensgreiersen.direct.quickconnect.to\/wordpress\/wp-content\/uploads\/2026\/01\/923684NY-Coverbillede-mtxt-1x1-1.jpg\" alt=\"\" \/><\/a><\/figure>\n<!-- \/wp:image --><\/div>\n<!-- \/wp:column --><\/div>\n<!-- \/wp:columns -->\n\n<!-- wp:paragraph -->\n<p><a href=\"https:\/\/vibz.dk\/gkc\/this-year-is-ours\/\" id=\"164\">[L\u00e6s &amp; Lyt]<\/a><\/p>\n<!-- \/wp:paragraph -->\n\n<!-- wp:paragraph -->\n<p><\/p>\n<!-- \/wp:paragraph --><\/div><\/li>\n<\/ul>\n\n\n<h1 class=\"wp-block-heading has-text-align-center has-light-gray-background-color has-background\" id=\"jul\" style=\"padding-top:0;padding-right:0;padding-bottom:0;padding-left:0\">Jul<\/h1>\n\n\n<ul class=\"wp-block-latest-posts__list has-dates wp-block-latest-posts\"><li><a class=\"wp-block-latest-posts__post-title\" href=\"https:\/\/vibz.dk\/gkc\/julen-er-vores-fest\/\">Jule udgivelse &#8220;Julen er vores fest&#8221;<\/a><time datetime=\"2025-11-30T06:14:46+00:00\" class=\"wp-block-latest-posts__post-date\">30 november 2025<\/time><div class=\"wp-block-latest-posts__post-full-content\"><!-- wp:columns -->\n<div class=\"wp-block-columns\"><!-- wp:column {\"width\":\"80%\"} -->\n<div class=\"wp-block-column\" style=\"flex-basis:80%\"><!-- wp:html -->\n<span class=\"notranslate\"><b>&#8220;Julen er vores fest&#8221; <\/b><\/span> er en energiske rock julesingle.<br>\nI stedet for at synge om gaver, fejrer vi den \u00e6gte julestemning: venner, familie, mad og en h\u00f8jlydt god tid.\n<!-- \/wp:html -->\n\n<!-- wp:paragraph -->\n<p><a href=\"https:\/\/vibz.dk\/gkc\/julen-er-vores-fest\/\" id=\"122\">[L\u00e6s &amp; Lyt]<\/a><\/p>\n<!-- \/wp:paragraph --><\/div>\n<!-- \/wp:column -->\n\n<!-- wp:column {\"width\":\"20%\"} -->\n<div class=\"wp-block-column\" style=\"flex-basis:20%\"><!-- wp:image {\"lightbox\":{\"enabled\":false},\"sizeSlug\":\"large\",\"linkDestination\":\"custom\"} -->\n<figure class=\"wp-block-image size-large\"><a href=\"https:\/\/vibz.dk\/gkc\/julen-er-vores-fest\/\"><img decoding=\"async\" src=\"https:\/\/jensgreiersen.direct.quickconnect.to\/wordpress\/wp-content\/uploads\/2026\/01\/923537Julen-Er-Vores-Fest-coverbillede-1x1-1.jpg\" alt=\"\" \/><\/a><\/figure>\n<!-- \/wp:image --><\/div>\n<!-- \/wp:column --><\/div>\n<!-- \/wp:columns -->\n\n<!-- wp:separator -->\n<hr class=\"wp-block-separator has-alpha-channel-opacity\" \/>\n<!-- \/wp:separator -->\n\n<!-- wp:paragraph -->\n<p><\/p>\n<!-- \/wp:paragraph --><\/div><\/li>\n<\/ul>\n\n\n<h1 class=\"wp-block-heading has-text-align-center has-light-gray-background-color has-background\" id=\"fastelavn\" style=\"padding-top:0;padding-right:0;padding-bottom:0;padding-left:0\">Fastelavn<\/h1>\n\n\n<ul class=\"wp-block-latest-posts__list has-dates wp-block-latest-posts\"><li><a class=\"wp-block-latest-posts__post-title\" href=\"https:\/\/vibz.dk\/gkc\/slik-slik-slik\/\">Ny fastelavnssang &#8220;Slik, Slik, Slik.&#8221;<\/a><time datetime=\"2026-02-12T15:00:00+00:00\" class=\"wp-block-latest-posts__post-date\">12 februar 2026<\/time><div class=\"wp-block-latest-posts__post-full-content\"><!-- wp:columns -->\n<div class=\"wp-block-columns\"><!-- wp:column {\"width\":\"80%\"} -->\n<div class=\"wp-block-column\" style=\"flex-basis:80%\"><!-- wp:html -->\n<span class=\"notranslate\"><b>&#8220;Slik, Slik, Slik.&#8221; <\/b><\/span> En glad og energisk fastelavnssang for b\u00f8rn. Perfekt til t\u00f8ndeslagning, fastelavnsfest og musik i institutioner og hjemme. Lyt med og skab feststemning.\u201d\n<!-- \/wp:html -->\n\n<!-- wp:paragraph -->\n<p><a href=\"https:\/\/vibz.dk\/gkc\/slik-slik-slik\/\" id=\"560\">[L\u00e6s mere]<\/a><\/p>\n<!-- \/wp:paragraph --><\/div>\n<!-- \/wp:column -->\n\n<!-- wp:column {\"width\":\"20%\"} -->\n<div class=\"wp-block-column\" style=\"flex-basis:20%\"><!-- wp:image {\"lightbox\":{\"enabled\":false},\"sizeSlug\":\"large\",\"linkDestination\":\"custom\"} -->\n<figure class=\"wp-block-image size-large\"><a href=\"https:\/\/vibz.dk\/gkc\/slik-slik-slik\/\"><img decoding=\"async\" src=\"https:\/\/jensgreiersen.direct.quickconnect.to\/wordpress\/wp-content\/uploads\/2026\/02\/Slik_slik_slik-coverbillede.jpg\" alt=\"\" \/><\/a><\/figure>\n<!-- \/wp:image --><\/div>\n<!-- \/wp:column --><\/div>\n<!-- \/wp:columns -->\n\n<!-- wp:separator -->\n<hr class=\"wp-block-separator has-alpha-channel-opacity\" \/>\n<!-- \/wp:separator -->\n\n<!-- wp:paragraph -->\n<p><\/p>\n<!-- \/wp:paragraph --><\/div><\/li>\n<\/ul>","protected":false},"excerpt":{"rendered":"<p>SpecialMusik Special udgivelser Nyt\u00e5r Jul Fastelavn<\/p>\n","protected":false},"author":1,"featured_media":0,"parent":0,"menu_order":0,"comment_status":"closed","ping_status":"closed","template":"templates\/template-no-title.php","meta":{"footnotes":"","_links_to":"","_links_to_target":""},"class_list":["post-583","page","type-page","status-publish","hentry"],"yoast_head":"<!-- This site is optimized with the Yoast SEO plugin v27.4 - https:\/\/yoast.com\/product\/yoast-seo-wordpress\/ -->\n<title>Musiken 2.1 - The G-Kids Collective<\/title>\n<meta name=\"robots\" content=\"index, follow, max-snippet:-1, max-image-preview:large, max-video-preview:-1\" \/>\n<link rel=\"canonical\" href=\"https:\/\/vibz.dk\/gkc\/musiken-2-1\/\" \/>\n<meta property=\"og:locale\" content=\"da_DK\" \/>\n<meta property=\"og:type\" content=\"article\" \/>\n<meta property=\"og:title\" content=\"Musiken 2.1 - The G-Kids Collective\" \/>\n<meta property=\"og:description\" content=\"SpecialMusik Special udgivelser Nyt\u00e5r Jul Fastelavn\" \/>\n<meta property=\"og:url\" content=\"https:\/\/vibz.dk\/gkc\/musiken-2-1\/\" \/>\n<meta property=\"og:site_name\" content=\"The G-Kids Collective\" \/>\n<meta property=\"article:modified_time\" content=\"2026-03-22T07:53:05+00:00\" \/>\n<meta name=\"twitter:card\" content=\"summary_large_image\" \/>\n<meta name=\"twitter:label1\" content=\"Estimeret l\u00e6setid\" \/>\n\t<meta name=\"twitter:data1\" content=\"1 minut\" \/>\n<script type=\"application\/ld+json\" class=\"yoast-schema-graph\">{\"@context\":\"https:\\\/\\\/schema.org\",\"@graph\":[{\"@type\":\"WebPage\",\"@id\":\"https:\\\/\\\/vibz.dk\\\/gkc\\\/musiken-2-1\\\/\",\"url\":\"https:\\\/\\\/vibz.dk\\\/gkc\\\/musiken-2-1\\\/\",\"name\":\"Musiken 2.1 - The G-Kids Collective\",\"isPartOf\":{\"@id\":\"https:\\\/\\\/vibz.dk\\\/gkc\\\/#website\"},\"datePublished\":\"2026-02-14T05:09:43+00:00\",\"dateModified\":\"2026-03-22T07:53:05+00:00\",\"breadcrumb\":{\"@id\":\"https:\\\/\\\/vibz.dk\\\/gkc\\\/musiken-2-1\\\/#breadcrumb\"},\"inLanguage\":\"da-DK\",\"potentialAction\":[{\"@type\":\"ReadAction\",\"target\":[\"https:\\\/\\\/vibz.dk\\\/gkc\\\/musiken-2-1\\\/\"]}]},{\"@type\":\"BreadcrumbList\",\"@id\":\"https:\\\/\\\/vibz.dk\\\/gkc\\\/musiken-2-1\\\/#breadcrumb\",\"itemListElement\":[{\"@type\":\"ListItem\",\"position\":1,\"name\":\"Hjem\",\"item\":\"https:\\\/\\\/vibz.dk\\\/gkc\\\/\"},{\"@type\":\"ListItem\",\"position\":2,\"name\":\"Musiken 2.1\"}]},{\"@type\":\"WebSite\",\"@id\":\"https:\\\/\\\/vibz.dk\\\/gkc\\\/#website\",\"url\":\"https:\\\/\\\/vibz.dk\\\/gkc\\\/\",\"name\":\"The G-Kids Collective\",\"description\":\"The G-Kids Collective\",\"publisher\":{\"@id\":\"https:\\\/\\\/vibz.dk\\\/gkc\\\/#organization\"},\"potentialAction\":[{\"@type\":\"SearchAction\",\"target\":{\"@type\":\"EntryPoint\",\"urlTemplate\":\"https:\\\/\\\/vibz.dk\\\/gkc\\\/?s={search_term_string}\"},\"query-input\":{\"@type\":\"PropertyValueSpecification\",\"valueRequired\":true,\"valueName\":\"search_term_string\"}}],\"inLanguage\":\"da-DK\"},{\"@type\":\"Organization\",\"@id\":\"https:\\\/\\\/vibz.dk\\\/gkc\\\/#organization\",\"name\":\"The G-Kids Collective\",\"url\":\"https:\\\/\\\/vibz.dk\\\/gkc\\\/\",\"logo\":{\"@type\":\"ImageObject\",\"inLanguage\":\"da-DK\",\"@id\":\"https:\\\/\\\/vibz.dk\\\/gkc\\\/#\\\/schema\\\/logo\\\/image\\\/\",\"url\":\"https:\\\/\\\/vibz.dk\\\/gkc\\\/wp-content\\\/uploads\\\/2025\\\/12\\\/cropped-banner-GKC.jpg\",\"contentUrl\":\"https:\\\/\\\/vibz.dk\\\/gkc\\\/wp-content\\\/uploads\\\/2025\\\/12\\\/cropped-banner-GKC.jpg\",\"width\":1092,\"height\":255,\"caption\":\"The G-Kids Collective\"},\"image\":{\"@id\":\"https:\\\/\\\/vibz.dk\\\/gkc\\\/#\\\/schema\\\/logo\\\/image\\\/\"}}]}<\/script>\n<!-- \/ Yoast SEO plugin. -->","yoast_head_json":{"title":"Musiken 2.1 - The G-Kids Collective","robots":{"index":"index","follow":"follow","max-snippet":"max-snippet:-1","max-image-preview":"max-image-preview:large","max-video-preview":"max-video-preview:-1"},"canonical":"https:\/\/vibz.dk\/gkc\/musiken-2-1\/","og_locale":"da_DK","og_type":"article","og_title":"Musiken 2.1 - The G-Kids Collective","og_description":"SpecialMusik Special udgivelser Nyt\u00e5r Jul Fastelavn","og_url":"https:\/\/vibz.dk\/gkc\/musiken-2-1\/","og_site_name":"The G-Kids Collective","article_modified_time":"2026-03-22T07:53:05+00:00","twitter_card":"summary_large_image","twitter_misc":{"Estimeret l\u00e6setid":"1 minut"},"schema":{"@context":"https:\/\/schema.org","@graph":[{"@type":"WebPage","@id":"https:\/\/vibz.dk\/gkc\/musiken-2-1\/","url":"https:\/\/vibz.dk\/gkc\/musiken-2-1\/","name":"Musiken 2.1 - The G-Kids Collective","isPartOf":{"@id":"https:\/\/vibz.dk\/gkc\/#website"},"datePublished":"2026-02-14T05:09:43+00:00","dateModified":"2026-03-22T07:53:05+00:00","breadcrumb":{"@id":"https:\/\/vibz.dk\/gkc\/musiken-2-1\/#breadcrumb"},"inLanguage":"da-DK","potentialAction":[{"@type":"ReadAction","target":["https:\/\/vibz.dk\/gkc\/musiken-2-1\/"]}]},{"@type":"BreadcrumbList","@id":"https:\/\/vibz.dk\/gkc\/musiken-2-1\/#breadcrumb","itemListElement":[{"@type":"ListItem","position":1,"name":"Hjem","item":"https:\/\/vibz.dk\/gkc\/"},{"@type":"ListItem","position":2,"name":"Musiken 2.1"}]},{"@type":"WebSite","@id":"https:\/\/vibz.dk\/gkc\/#website","url":"https:\/\/vibz.dk\/gkc\/","name":"The G-Kids Collective","description":"The G-Kids Collective","publisher":{"@id":"https:\/\/vibz.dk\/gkc\/#organization"},"potentialAction":[{"@type":"SearchAction","target":{"@type":"EntryPoint","urlTemplate":"https:\/\/vibz.dk\/gkc\/?s={search_term_string}"},"query-input":{"@type":"PropertyValueSpecification","valueRequired":true,"valueName":"search_term_string"}}],"inLanguage":"da-DK"},{"@type":"Organization","@id":"https:\/\/vibz.dk\/gkc\/#organization","name":"The G-Kids Collective","url":"https:\/\/vibz.dk\/gkc\/","logo":{"@type":"ImageObject","inLanguage":"da-DK","@id":"https:\/\/vibz.dk\/gkc\/#\/schema\/logo\/image\/","url":"https:\/\/vibz.dk\/gkc\/wp-content\/uploads\/2025\/12\/cropped-banner-GKC.jpg","contentUrl":"https:\/\/vibz.dk\/gkc\/wp-content\/uploads\/2025\/12\/cropped-banner-GKC.jpg","width":1092,"height":255,"caption":"The G-Kids Collective"},"image":{"@id":"https:\/\/vibz.dk\/gkc\/#\/schema\/logo\/image\/"}}]}},"_links":{"self":[{"href":"https:\/\/vibz.dk\/gkc\/wp-json\/wp\/v2\/pages\/583","targetHints":{"allow":["GET"]}}],"collection":[{"href":"https:\/\/vibz.dk\/gkc\/wp-json\/wp\/v2\/pages"}],"about":[{"href":"https:\/\/vibz.dk\/gkc\/wp-json\/wp\/v2\/types\/page"}],"author":[{"embeddable":true,"href":"https:\/\/vibz.dk\/gkc\/wp-json\/wp\/v2\/users\/1"}],"replies":[{"embeddable":true,"href":"https:\/\/vibz.dk\/gkc\/wp-json\/wp\/v2\/comments?post=583"}],"version-history":[{"count":10,"href":"https:\/\/vibz.dk\/gkc\/wp-json\/wp\/v2\/pages\/583\/revisions"}],"predecessor-version":[{"id":803,"href":"https:\/\/vibz.dk\/gkc\/wp-json\/wp\/v2\/pages\/583\/revisions\/803"}],"wp:attachment":[{"href":"https:\/\/vibz.dk\/gkc\/wp-json\/wp\/v2\/media?parent=583"}],"curies":[{"name":"wp","href":"https:\/\/api.w.org\/{rel}","templated":true}]}}