{"id":734,"date":"2026-03-19T15:17:47","date_gmt":"2026-03-19T15:17:47","guid":{"rendered":"https:\/\/vibz.dk\/gkc\/?page_id=734"},"modified":"2026-03-27T19:19:07","modified_gmt":"2026-03-27T19:19:07","slug":"rise-with-the-spring","status":"publish","type":"page","link":"https:\/\/vibz.dk\/gkc\/rise-with-the-spring\/","title":{"rendered":"Rise With the Spring"},"content":{"rendered":"\n<h1 class=\"wp-block-heading has-text-align-center notranslate\">Rise With the Spring<\/h1>\n\n\n\n<div class=\"wp-block-columns is-layout-flex wp-container-core-columns-is-layout-9d6595d7 wp-block-columns-is-layout-flex\">\n<div class=\"wp-block-column is-layout-flow wp-block-column-is-layout-flow\">\n<p class=\"notranslate\"><strong>Rise With the Spring &#8211; The G\u2011Kids Collective<\/strong><\/p>\n\n\n\n<p>Is a warm, uplifting pop\u2011folk song, celebrating new beginnings, inner strength, and the quiet courage it takes to grow. Inspired by the feeling of stepping into a new chapter, the song blends soft acoustic textures with a bright, hopeful atmosphere \u2014 a musical reflection of spring itself.<\/p>\n\n\n\n<p>With heartfelt lyrics about rising after difficult times, <em>Rise With the Spring<\/em> captures the moment where light returns, confidence blooms, and life opens up again. It\u2019s a song for anyone who has fought their way forward, found their voice, or is ready to begin something new.<\/p>\n\n\n\n<p>Perfect for playlists about empowerment, healing, self\u2011growth, and fresh starts.<\/p>\n\n\n\n<div class=\"wp-block-group notranslate\"><div class=\"wp-block-group__inner-container is-layout-constrained wp-block-group-is-layout-constrained\">\n<div class=\"wp-block-group notranslate\"><div class=\"wp-block-group__inner-container is-layout-constrained wp-block-group-is-layout-constrained\">\n<div class=\"wp-block-group notranslate\"><div class=\"wp-block-group__inner-container is-layout-constrained wp-block-group-is-layout-constrained\">\n<div class=\"wp-block-group notranslate\"><div class=\"wp-block-group__inner-container is-layout-constrained wp-block-group-is-layout-constrained\">\n<div class=\"wp-block-group notranlate\"><div class=\"wp-block-group__inner-container is-layout-constrained wp-block-group-is-layout-constrained\">\n<div class=\"wp-block-group notranslate\"><div class=\"wp-block-group__inner-container is-layout-constrained wp-block-group-is-layout-constrained\">\n<div class=\"wp-block-group notranslate\"><div class=\"wp-block-group__inner-container is-layout-constrained wp-block-group-is-layout-constrained\"><div class=\"track\"><span class=\"songtitle\">Rise With the Spring<\/span><span class=\"songwriter\">(The G\u2011Kids Collective \/ A-Rose and JJ)<\/span><span class=\"audiobutton\"><\/span><div class=\"albumtrack\" style=\"visibility:hidden;\"><audio class=\"wp-audio-shortcode\" id=\"audio-734-1\" preload=\"metadata\" style=\"width: 100%;\" controls=\"controls\"><source type=\"audio\/mpeg\" src=\"https:\/\/jensgreiersen.direct.quickconnect.to\/wordpress\/wp-content\/uploads\/2026\/03\/Rise-With-the-Spring-The-G-Kids-Collective-music.mp3?_=1\" \/><a href=\"https:\/\/jensgreiersen.direct.quickconnect.to\/wordpress\/wp-content\/uploads\/2026\/03\/Rise-With-the-Spring-The-G-Kids-Collective-music.mp3\">https:\/\/jensgreiersen.direct.quickconnect.to\/wordpress\/wp-content\/uploads\/2026\/03\/Rise-With-the-Spring-The-G-Kids-Collective-music.mp3<\/a><\/audio><\/div><\/div>\n\n\n\n<p><\/p>\n<\/div><\/div>\n<\/div><\/div>\n<\/div><\/div>\n<\/div><\/div>\n<\/div><\/div>\n<\/div><\/div>\n<\/div><\/div>\n\n\n\n<figure class=\"wp-block-image size-large\"><img decoding=\"async\" src=\"https:\/\/jensgreiersen.direct.quickconnect.to\/wordpress\/wp-content\/uploads\/2026\/03\/Rise-With-the-Spring-The-G-Kids-Collective-music-mp3-image.png\" alt=\"\"\/><figcaption class=\"wp-element-caption\"><em>Idea and lyrics by A-Rose \/ JJ<\/em><\/figcaption><\/figure>\n\n\n\n<hr class=\"wp-block-separator has-text-color has-alpha-channel-opacity has-background\" style=\"background-color:#884631;color:#884631\"\/>\n\n\n\n<div class='bootstrap-yop yop-poll-mc'>\n\t\t\t\t\t\t\t<div class=\"basic-yop-poll-container\" style=\"background-color:#583d2c; border:0px; border-style:solid; border-color:#583d2c; border-radius:7px; padding:10px 10px;\" data-id=\"23\" data-temp=\"basic\" data-skin=\"minimal\" data-cscheme=\"black\" data-cap=\"0\" data-access=\"guest\" data-tid=\"\" data-uid=\"2ea84979b46aeb8c7a0ed70692e5dc0e\" data-pid=\"734\" data-resdet=\"percentages\" data-show-results-to=\"guest\" data-show-results-moment=\"after-vote\" data-show-results-only=\"false\" data-show-message=\"true\" data-show-results-as=\"bar\" data-sort-results-by=\"as-defined\" data-sort-results-rule=\"asc\"data-is-ended=\"0\" data-gdpr=\"no\" data-gdpr-sol=\"consent\" data-css=\".basic-yop-poll-container[data-uid] .basic-vote { text-align: center; }\" data-counter=\"0\" data-load-with=\"1\" data-notification-section=\"top\"><div class=\"row\"><div class=\"col-md-12\"><div class=\"basic-inner\"><div class=\"basic-message hide\" style=\"border-left: 10px solid #008000; padding: 0px 10px;\" data-error=\"#ff0000\" data-success=\"#008000\"><p class=\"basic-message-text\" style=\"color:#000000; font-size:14px; font-weight:normal;\"><\/p><\/div><div class=\"basic-overlay hide\"><div class=\"basic-vote-options\"><\/div><div class=\"basic-preloader\"><div class=\"basic-windows8\"><div class=\"basic-wBall basic-wBall_1\"><div class=\"basic-wInnerBall\"><\/div><\/div><div class=\"basic-wBall basic-wBall_2\"><div class=\"basic-wInnerBall\"><\/div><\/div><div class=\"basic-wBall basic-wBall_3\"><div class=\"basic-wInnerBall\"><\/div><\/div><div class=\"basic-wBall basic-wBall_4\"><div class=\"basic-wInnerBall\"><\/div><\/div><div class=\"basic-wBall basic-wBall_5\"><div class=\"basic-wInnerBall\"><\/div><\/div><\/div><\/div><\/div><form class=\"basic-form\"><input type=\"hidden\" name=\"_token\" value=\"e8d3d7a213\" autocomplete=\"off\"><div class=\"basic-elements\"><div class=\"basic-element basic-question basic-question-text-vertical\" data-id=\"23\" data-uid=\"bb882b1f451dac07efc983f3f421ed65\" data-type=\"question\" data-question-type=\"text\" data-allow-multiple=\"no\" data-min=\"1\" data-max=\"1\" data-display=\"vertical\" data-colnum=\"\" data-display-others=\"no\" data-others-color=\"\" data-others=\"\"><div role=\"heading\" aria-level=\"5\" class=\"basic-question-title\" style=\"color:#f6eed9; font-size:16px; font-weight:normal; text-align:center;\">What do you think of the song?<\/div><ul class=\"basic-answers\"><li class=\"basic-answer\" style=\"padding:0px 0px;\" data-id=\"111\" data-type=\"text\" data-vn=\"6\" data-color=\"#000000\" data-make-link=\"no\" data-link=\"\"><div class=\"basic-answer-content basic-text-vertical\"><label for=\"answer[111]\" class=\"basic-answer-label\"><input type=\"radio\" id=\"answer[111]\" name=\"answer[23]\" value=\"111\"  autocomplete=\"off\"><span class=\"basic-text\" style=\"color: #f6eed9; font-size: 14px; font-weight: normal;\" tabindex=\"0\">\u266b\u266b\u266b\u266b\u266b \u2013 I love it!<\/span><\/label><\/div><\/li><li class=\"basic-answer\" style=\"padding:0px 0px;\" data-id=\"112\" data-type=\"text\" data-vn=\"0\" data-color=\"#000000\" data-make-link=\"no\" data-link=\"\"><div class=\"basic-answer-content basic-text-vertical\"><label for=\"answer[112]\" class=\"basic-answer-label\"><input type=\"radio\" id=\"answer[112]\" name=\"answer[23]\" value=\"112\"  autocomplete=\"off\"><span class=\"basic-text\" style=\"color: #f6eed9; font-size: 14px; font-weight: normal;\" tabindex=\"0\">\u266b\u266b\u266b\u266b \u2013 It is fantastic.<\/span><\/label><\/div><\/li><li class=\"basic-answer\" style=\"padding:0px 0px;\" data-id=\"113\" data-type=\"text\" data-vn=\"0\" data-color=\"#000000\" data-make-link=\"no\" data-link=\"\"><div class=\"basic-answer-content basic-text-vertical\"><label for=\"answer[113]\" class=\"basic-answer-label\"><input type=\"radio\" id=\"answer[113]\" name=\"answer[23]\" value=\"113\"  autocomplete=\"off\"><span class=\"basic-text\" style=\"color: #f6eed9; font-size: 14px; font-weight: normal;\" tabindex=\"0\">\u266b\u266b\u266b \u2013 I enjoy hearing it.<\/span><\/label><\/div><\/li><li class=\"basic-answer\" style=\"padding:0px 0px;\" data-id=\"114\" data-type=\"text\" data-vn=\"0\" data-color=\"#000000\" data-make-link=\"no\" data-link=\"\"><div class=\"basic-answer-content basic-text-vertical\"><label for=\"answer[114]\" class=\"basic-answer-label\"><input type=\"radio\" id=\"answer[114]\" name=\"answer[23]\" value=\"114\"  autocomplete=\"off\"><span class=\"basic-text\" style=\"color: #f6eed9; font-size: 14px; font-weight: normal;\" tabindex=\"0\">\u266b\u266b \u2013 It is really good.<\/span><\/label><\/div><\/li><li class=\"basic-answer\" style=\"padding:0px 0px;\" data-id=\"115\" data-type=\"text\" data-vn=\"0\" data-color=\"#000000\" data-make-link=\"no\" data-link=\"\"><div class=\"basic-answer-content basic-text-vertical\"><label for=\"answer[115]\" class=\"basic-answer-label\"><input type=\"radio\" id=\"answer[115]\" name=\"answer[23]\" value=\"115\"  autocomplete=\"off\"><span class=\"basic-text\" style=\"color: #f6eed9; font-size: 14px; font-weight: normal;\" tabindex=\"0\">\u266b \u2013 I like it.<\/span><\/label><\/div><\/li><\/ul><\/div><div class=\"clearfix\"><\/div><\/div><div class=\"basic-vote\"><a href=\"#\" class=\"button basic-vote-button\" role=\"button\" style=\"background:#f6eed9; border:1px; border-style: solid; border-color:#000000; border-radius:0px; padding:5px 10px; color:#000000; font-size:14px; font-weight:normal;\">Vote<\/a><\/div><\/form><\/div><\/div><\/div><\/div>\n\t\t\t\t\t\t<\/div>\n\n\n\n<hr class=\"wp-block-separator has-text-color has-alpha-channel-opacity has-background\" style=\"background-color:#884631;color:#884631\"\/>\n\n\n\n<figure class=\"wp-block-embed is-type-video is-provider-youtube wp-block-embed-youtube wp-embed-aspect-16-9 wp-has-aspect-ratio\"><div class=\"wp-block-embed__wrapper\">\n<iframe loading=\"lazy\" title=\"Rise with the Spring - The G Kids Collective\" width=\"800\" height=\"450\" src=\"https:\/\/www.youtube.com\/embed\/zHNE7X3nPog?feature=oembed\" frameborder=\"0\" allow=\"accelerometer; autoplay; clipboard-write; encrypted-media; gyroscope; picture-in-picture; web-share\" referrerpolicy=\"strict-origin-when-cross-origin\" allowfullscreen><\/iframe>\n<\/div><\/figure>\n<\/div>\n\n\n\n<div class=\"wp-block-column is-layout-flow wp-block-column-is-layout-flow\">\n<h6 class=\"wp-block-heading\">Lyrics<\/h6>\n\n\n\n<p class=\"notranslate has-small-font-size\"><strong>[Chorus:]<\/strong><br><em>(Rising with the spring)<\/em><\/p>\n\n\n\n<p class=\"notranslate has-small-font-size\"><strong>[Verse 1]<\/strong><br><em>The morning paints the world in gold<br>I feel a story yet untold<br>A little spark begins to grow<br>Like something new I\u2019m meant to know<\/em><\/p>\n\n\n\n<p class=\"notranslate has-small-font-size\"><strong>[Pre\u2011Chorus]<\/strong><br><em>And every step feels light again<br>Like I\u2019m becoming who I am<br>The winter fades, the colors sing<br>I feel my heart rise with the spring<\/em><\/p>\n\n\n\n<p class=\"notranslate has-small-font-size\"><strong>[Chorus]<\/strong><br><em>I\u2019m rising with the spring<br>Let the sunlight pull me in<br>Every dream I kept inside<br>Starts to open, starts to shine<br>I\u2019m rising with the spring<br>Yeah, I\u2019m ready to begin<br>Like a flower finding wings<br>I\u2019m rising with the spring<\/em><\/p>\n\n\n\n<p class=\"notranslate has-small-font-size\"><strong>[<strong>Chorus<\/strong>:]<\/strong><br><em>(\u00e5hh, \u00e5hh, \u00e5hh)<br>(Rising with the spring)<\/em><\/p>\n\n\n\n<p class=\"notranslate has-small-font-size\"><strong>[Verse 2]<\/strong><br><em>I\u2019m learning how to trust the day<br>To let the old just fade away<br>A little courage in my chest<br>Tells me the future might be best<\/em><\/p>\n\n\n\n<p class=\"notranslate has-small-font-size\"><strong>[Pre\u2011Chorus]<\/strong><br><em>And every step feels light again<br>Like I\u2019m becoming who I am<br>The winter fades, the colors sing<br>I feel my heart rise with the spring<\/em><\/p>\n\n\n\n<p class=\"notranslate has-small-font-size\"><strong>[Chorus]<\/strong><br><em>I\u2019m rising with the spring<br>Let the sunlight pull me in<br>Every dream I kept inside<br>Starts to open, starts to shine<br>I\u2019m rising with the spring<br>Yeah, I\u2019m ready to begin<br>Like a flower finding wings<br>I\u2019m rising with the spring<\/em><\/p>\n\n\n\n<p class=\"notranslate has-small-font-size\"><strong>[<strong>Chorus<\/strong>:]<\/strong><br><em><em>(\u00e5hh, \u00e5hh, \u00e5hh)<\/em><br>(Rising with the spring)<\/em><\/p>\n\n\n\n<p class=\"notranslate has-small-font-size\"><strong>[Bridge]<\/strong><br><em>Maybe I was hiding<br>Maybe I was small<br>Now I feel the sunlight<br>Lifting me through it all<br>Every little heartbeat<br>Blooming like a seed<br>Growing into something<br>I finally believe<\/em><\/p>\n\n\n\n<p class=\"notranslate has-small-font-size\"><strong>[Chorus \u2013 Version 2]<\/strong><br><em>I\u2019m rising with the spring<br>I\u2019m not afraid of anything<br>Every dream I kept inside<br>Now it\u2019s blooming, open wide<br>I\u2019m rising with the spring<br>Yeah, I\u2019m stepping into me<br>Like a flower finding wings<\/em><\/p>\n\n\n\n<p class=\"notranslate has-small-font-size\"><strong>[Final Chorus]<\/strong><br><em>I\u2019m rising with the spring<br>Let the sunlight pull me in<br>Every dream I kept inside<br>Starts to open, starts to shine<br>I\u2019m rising with the spring<br>Yeah, I\u2019m ready to begin<br>Like a flower finding wings<br>I\u2019m rising with the spring<\/em><\/p>\n\n\n\n<p class=\"notranslate has-small-font-size\"><strong>[Outro]<\/strong><br><em>Soft breeze on my skin<br>New life moving in<br>(Rising\u2026 rising\u2026 rising with the spring\u2026)<\/em><br><em>Soft breeze on my skin<br>New life moving in<br>(Rising\u2026 rising\u2026 rising with the spring\u2026)<\/em><\/p>\n<\/div>\n<\/div>\n\n\n\n<hr class=\"wp-block-separator has-alpha-channel-opacity is-style-wide\"\/>\n\n\n\n<div class=\"wp-block-buttons is-content-justification-center is-layout-flex wp-container-core-buttons-is-layout-16018d1d wp-block-buttons-is-layout-flex\">\n<div class=\"wp-block-button\"><a class=\"wp-block-button__link wp-element-button\" href=\"https:\/\/vibz.dk\/gkc\/musikken-2-0\/\">Musiken<\/a><\/div>\n\n\n\n<div class=\"wp-block-button\"><a class=\"wp-block-button__link wp-element-button\" href=\"https:\/\/vibz.dk\/gkc\/\">Hjem<\/a><\/div>\n<\/div>\n\n\n\n<hr class=\"wp-block-separator has-alpha-channel-opacity is-style-wide\"\/>\n\n\n\n<p><\/p>\n","protected":false},"excerpt":{"rendered":"<p>Rise With the Spring Rise With the Spring &#8211; The G\u2011Kids Collective Is a warm, uplifting pop\u2011folk song, celebrating new beginnings, inner strength, and the [&#8230;]<\/p>\n","protected":false},"author":1,"featured_media":0,"parent":0,"menu_order":0,"comment_status":"closed","ping_status":"closed","template":"templates\/template-no-title.php","meta":{"footnotes":"","_links_to":"","_links_to_target":""},"class_list":["post-734","page","type-page","status-publish","hentry"],"yoast_head":"<!-- This site is optimized with the Yoast SEO plugin v27.4 - https:\/\/yoast.com\/product\/yoast-seo-wordpress\/ -->\n<title>Rise With the Spring - The G-Kids Collective<\/title>\n<meta name=\"description\" content=\"Rise With the Spring by The G\u2011Kids Collective \u2014 an uplifting acoustic pop song about new beginnings, inner strength, and stepping into the light.\" \/>\n<meta name=\"robots\" content=\"index, follow, max-snippet:-1, max-image-preview:large, max-video-preview:-1\" \/>\n<link rel=\"canonical\" href=\"https:\/\/vibz.dk\/gkc\/rise-with-the-spring\/\" \/>\n<meta property=\"og:locale\" content=\"da_DK\" \/>\n<meta property=\"og:type\" content=\"article\" \/>\n<meta property=\"og:title\" content=\"Rise With the Spring - The G-Kids Collective\" \/>\n<meta property=\"og:description\" content=\"Rise With the Spring by The G\u2011Kids Collective \u2014 an uplifting acoustic pop song about new beginnings, inner strength, and stepping into the light.\" \/>\n<meta property=\"og:url\" content=\"https:\/\/vibz.dk\/gkc\/rise-with-the-spring\/\" \/>\n<meta property=\"og:site_name\" content=\"The G-Kids Collective\" \/>\n<meta property=\"article:modified_time\" content=\"2026-03-27T19:19:07+00:00\" \/>\n<meta property=\"og:image\" content=\"https:\/\/jensgreiersen.direct.quickconnect.to\/wordpress\/wp-content\/uploads\/2026\/03\/Rise-With-the-Spring-The-G-Kids-Collective-music-mp3-image.png\" \/>\n<meta name=\"twitter:card\" content=\"summary_large_image\" \/>\n<meta name=\"twitter:label1\" content=\"Estimeret l\u00e6setid\" \/>\n\t<meta name=\"twitter:data1\" content=\"3 minutter\" \/>\n<script type=\"application\/ld+json\" class=\"yoast-schema-graph\">{\"@context\":\"https:\\\/\\\/schema.org\",\"@graph\":[{\"@type\":\"WebPage\",\"@id\":\"https:\\\/\\\/vibz.dk\\\/gkc\\\/rise-with-the-spring\\\/\",\"url\":\"https:\\\/\\\/vibz.dk\\\/gkc\\\/rise-with-the-spring\\\/\",\"name\":\"Rise With the Spring - The G-Kids Collective\",\"isPartOf\":{\"@id\":\"https:\\\/\\\/vibz.dk\\\/gkc\\\/#website\"},\"primaryImageOfPage\":{\"@id\":\"https:\\\/\\\/vibz.dk\\\/gkc\\\/rise-with-the-spring\\\/#primaryimage\"},\"image\":{\"@id\":\"https:\\\/\\\/vibz.dk\\\/gkc\\\/rise-with-the-spring\\\/#primaryimage\"},\"thumbnailUrl\":\"https:\\\/\\\/jensgreiersen.direct.quickconnect.to\\\/wordpress\\\/wp-content\\\/uploads\\\/2026\\\/03\\\/Rise-With-the-Spring-The-G-Kids-Collective-music-mp3-image.png\",\"datePublished\":\"2026-03-19T15:17:47+00:00\",\"dateModified\":\"2026-03-27T19:19:07+00:00\",\"description\":\"Rise With the Spring by The G\u2011Kids Collective \u2014 an uplifting acoustic pop song about new beginnings, inner strength, and stepping into the light.\",\"breadcrumb\":{\"@id\":\"https:\\\/\\\/vibz.dk\\\/gkc\\\/rise-with-the-spring\\\/#breadcrumb\"},\"inLanguage\":\"da-DK\",\"potentialAction\":[{\"@type\":\"ReadAction\",\"target\":[\"https:\\\/\\\/vibz.dk\\\/gkc\\\/rise-with-the-spring\\\/\"]}]},{\"@type\":\"ImageObject\",\"inLanguage\":\"da-DK\",\"@id\":\"https:\\\/\\\/vibz.dk\\\/gkc\\\/rise-with-the-spring\\\/#primaryimage\",\"url\":\"https:\\\/\\\/jensgreiersen.direct.quickconnect.to\\\/wordpress\\\/wp-content\\\/uploads\\\/2026\\\/03\\\/Rise-With-the-Spring-The-G-Kids-Collective-music-mp3-image.png\",\"contentUrl\":\"https:\\\/\\\/jensgreiersen.direct.quickconnect.to\\\/wordpress\\\/wp-content\\\/uploads\\\/2026\\\/03\\\/Rise-With-the-Spring-The-G-Kids-Collective-music-mp3-image.png\"},{\"@type\":\"BreadcrumbList\",\"@id\":\"https:\\\/\\\/vibz.dk\\\/gkc\\\/rise-with-the-spring\\\/#breadcrumb\",\"itemListElement\":[{\"@type\":\"ListItem\",\"position\":1,\"name\":\"Hjem\",\"item\":\"https:\\\/\\\/vibz.dk\\\/gkc\\\/\"},{\"@type\":\"ListItem\",\"position\":2,\"name\":\"Rise With the Spring\"}]},{\"@type\":\"WebSite\",\"@id\":\"https:\\\/\\\/vibz.dk\\\/gkc\\\/#website\",\"url\":\"https:\\\/\\\/vibz.dk\\\/gkc\\\/\",\"name\":\"The G-Kids Collective\",\"description\":\"The G-Kids Collective\",\"publisher\":{\"@id\":\"https:\\\/\\\/vibz.dk\\\/gkc\\\/#organization\"},\"potentialAction\":[{\"@type\":\"SearchAction\",\"target\":{\"@type\":\"EntryPoint\",\"urlTemplate\":\"https:\\\/\\\/vibz.dk\\\/gkc\\\/?s={search_term_string}\"},\"query-input\":{\"@type\":\"PropertyValueSpecification\",\"valueRequired\":true,\"valueName\":\"search_term_string\"}}],\"inLanguage\":\"da-DK\"},{\"@type\":\"Organization\",\"@id\":\"https:\\\/\\\/vibz.dk\\\/gkc\\\/#organization\",\"name\":\"The G-Kids Collective\",\"url\":\"https:\\\/\\\/vibz.dk\\\/gkc\\\/\",\"logo\":{\"@type\":\"ImageObject\",\"inLanguage\":\"da-DK\",\"@id\":\"https:\\\/\\\/vibz.dk\\\/gkc\\\/#\\\/schema\\\/logo\\\/image\\\/\",\"url\":\"https:\\\/\\\/vibz.dk\\\/gkc\\\/wp-content\\\/uploads\\\/2025\\\/12\\\/cropped-banner-GKC.jpg\",\"contentUrl\":\"https:\\\/\\\/vibz.dk\\\/gkc\\\/wp-content\\\/uploads\\\/2025\\\/12\\\/cropped-banner-GKC.jpg\",\"width\":1092,\"height\":255,\"caption\":\"The G-Kids Collective\"},\"image\":{\"@id\":\"https:\\\/\\\/vibz.dk\\\/gkc\\\/#\\\/schema\\\/logo\\\/image\\\/\"}}]}<\/script>\n<!-- \/ Yoast SEO plugin. -->","yoast_head_json":{"title":"Rise With the Spring - The G-Kids Collective","description":"Rise With the Spring by The G\u2011Kids Collective \u2014 an uplifting acoustic pop song about new beginnings, inner strength, and stepping into the light.","robots":{"index":"index","follow":"follow","max-snippet":"max-snippet:-1","max-image-preview":"max-image-preview:large","max-video-preview":"max-video-preview:-1"},"canonical":"https:\/\/vibz.dk\/gkc\/rise-with-the-spring\/","og_locale":"da_DK","og_type":"article","og_title":"Rise With the Spring - The G-Kids Collective","og_description":"Rise With the Spring by The G\u2011Kids Collective \u2014 an uplifting acoustic pop song about new beginnings, inner strength, and stepping into the light.","og_url":"https:\/\/vibz.dk\/gkc\/rise-with-the-spring\/","og_site_name":"The G-Kids Collective","article_modified_time":"2026-03-27T19:19:07+00:00","og_image":[{"url":"https:\/\/jensgreiersen.direct.quickconnect.to\/wordpress\/wp-content\/uploads\/2026\/03\/Rise-With-the-Spring-The-G-Kids-Collective-music-mp3-image.png","type":"","width":"","height":""}],"twitter_card":"summary_large_image","twitter_misc":{"Estimeret l\u00e6setid":"3 minutter"},"schema":{"@context":"https:\/\/schema.org","@graph":[{"@type":"WebPage","@id":"https:\/\/vibz.dk\/gkc\/rise-with-the-spring\/","url":"https:\/\/vibz.dk\/gkc\/rise-with-the-spring\/","name":"Rise With the Spring - The G-Kids Collective","isPartOf":{"@id":"https:\/\/vibz.dk\/gkc\/#website"},"primaryImageOfPage":{"@id":"https:\/\/vibz.dk\/gkc\/rise-with-the-spring\/#primaryimage"},"image":{"@id":"https:\/\/vibz.dk\/gkc\/rise-with-the-spring\/#primaryimage"},"thumbnailUrl":"https:\/\/jensgreiersen.direct.quickconnect.to\/wordpress\/wp-content\/uploads\/2026\/03\/Rise-With-the-Spring-The-G-Kids-Collective-music-mp3-image.png","datePublished":"2026-03-19T15:17:47+00:00","dateModified":"2026-03-27T19:19:07+00:00","description":"Rise With the Spring by The G\u2011Kids Collective \u2014 an uplifting acoustic pop song about new beginnings, inner strength, and stepping into the light.","breadcrumb":{"@id":"https:\/\/vibz.dk\/gkc\/rise-with-the-spring\/#breadcrumb"},"inLanguage":"da-DK","potentialAction":[{"@type":"ReadAction","target":["https:\/\/vibz.dk\/gkc\/rise-with-the-spring\/"]}]},{"@type":"ImageObject","inLanguage":"da-DK","@id":"https:\/\/vibz.dk\/gkc\/rise-with-the-spring\/#primaryimage","url":"https:\/\/jensgreiersen.direct.quickconnect.to\/wordpress\/wp-content\/uploads\/2026\/03\/Rise-With-the-Spring-The-G-Kids-Collective-music-mp3-image.png","contentUrl":"https:\/\/jensgreiersen.direct.quickconnect.to\/wordpress\/wp-content\/uploads\/2026\/03\/Rise-With-the-Spring-The-G-Kids-Collective-music-mp3-image.png"},{"@type":"BreadcrumbList","@id":"https:\/\/vibz.dk\/gkc\/rise-with-the-spring\/#breadcrumb","itemListElement":[{"@type":"ListItem","position":1,"name":"Hjem","item":"https:\/\/vibz.dk\/gkc\/"},{"@type":"ListItem","position":2,"name":"Rise With the Spring"}]},{"@type":"WebSite","@id":"https:\/\/vibz.dk\/gkc\/#website","url":"https:\/\/vibz.dk\/gkc\/","name":"The G-Kids Collective","description":"The G-Kids Collective","publisher":{"@id":"https:\/\/vibz.dk\/gkc\/#organization"},"potentialAction":[{"@type":"SearchAction","target":{"@type":"EntryPoint","urlTemplate":"https:\/\/vibz.dk\/gkc\/?s={search_term_string}"},"query-input":{"@type":"PropertyValueSpecification","valueRequired":true,"valueName":"search_term_string"}}],"inLanguage":"da-DK"},{"@type":"Organization","@id":"https:\/\/vibz.dk\/gkc\/#organization","name":"The G-Kids Collective","url":"https:\/\/vibz.dk\/gkc\/","logo":{"@type":"ImageObject","inLanguage":"da-DK","@id":"https:\/\/vibz.dk\/gkc\/#\/schema\/logo\/image\/","url":"https:\/\/vibz.dk\/gkc\/wp-content\/uploads\/2025\/12\/cropped-banner-GKC.jpg","contentUrl":"https:\/\/vibz.dk\/gkc\/wp-content\/uploads\/2025\/12\/cropped-banner-GKC.jpg","width":1092,"height":255,"caption":"The G-Kids Collective"},"image":{"@id":"https:\/\/vibz.dk\/gkc\/#\/schema\/logo\/image\/"}}]}},"_links":{"self":[{"href":"https:\/\/vibz.dk\/gkc\/wp-json\/wp\/v2\/pages\/734","targetHints":{"allow":["GET"]}}],"collection":[{"href":"https:\/\/vibz.dk\/gkc\/wp-json\/wp\/v2\/pages"}],"about":[{"href":"https:\/\/vibz.dk\/gkc\/wp-json\/wp\/v2\/types\/page"}],"author":[{"embeddable":true,"href":"https:\/\/vibz.dk\/gkc\/wp-json\/wp\/v2\/users\/1"}],"replies":[{"embeddable":true,"href":"https:\/\/vibz.dk\/gkc\/wp-json\/wp\/v2\/comments?post=734"}],"version-history":[{"count":6,"href":"https:\/\/vibz.dk\/gkc\/wp-json\/wp\/v2\/pages\/734\/revisions"}],"predecessor-version":[{"id":836,"href":"https:\/\/vibz.dk\/gkc\/wp-json\/wp\/v2\/pages\/734\/revisions\/836"}],"wp:attachment":[{"href":"https:\/\/vibz.dk\/gkc\/wp-json\/wp\/v2\/media?parent=734"}],"curies":[{"name":"wp","href":"https:\/\/api.w.org\/{rel}","templated":true}]}}