{"id":63,"date":"2025-12-12T12:50:28","date_gmt":"2025-12-12T12:50:28","guid":{"rendered":"https:\/\/vibz.dk\/mmr\/?page_id=63"},"modified":"2026-01-22T19:12:44","modified_gmt":"2026-01-22T19:12:44","slug":"mester-har-pung-med-2","status":"publish","type":"page","link":"https:\/\/vibz.dk\/mmr\/mester-har-pung-med-2\/","title":{"rendered":"MESTER HAR PUNG MED!"},"content":{"rendered":"\n<h1 class=\"wp-block-heading has-text-align-center\">Mester har pung med!<\/h1>\n\n\n\n<div class=\"wp-block-columns is-layout-flex wp-container-core-columns-is-layout-9d6595d7 wp-block-columns-is-layout-flex\">\n<div class=\"wp-block-column is-layout-flow wp-block-column-is-layout-flow\" style=\"flex-basis:50%\">\n<p class=\"notranslate\"><strong>\u201cMester har pung med!\u201d<\/strong><\/p>\n\n\n\n<p>udarbejdet til \u00e5rets julefrokost 2025 hos firmaet Elementmont\u00f8ren.<\/p>\n\n\n\n<hr class=\"wp-block-separator has-alpha-channel-opacity\"\/>\n\n\n\n<div class=\"wp-block-group notranslate\"><div class=\"wp-block-group__inner-container is-layout-constrained wp-block-group-is-layout-constrained\"><div class=\"track\"><span class=\"songtitle\">MESTER HAR PUNG MED!<\/span><span class=\"songwriter\">(Jens Greiersen)<\/span><span class=\"audiobutton\"><\/span><div class=\"albumtrack\" style=\"visibility:hidden;\"><audio class=\"wp-audio-shortcode\" id=\"audio-63-1\" preload=\"metadata\" style=\"width: 100%;\" controls=\"controls\"><source type=\"audio\/mpeg\" src=\"https:\/\/vibz.dk\/mmr\/wp-content\/uploads\/2025\/12\/MESTER-HAR-PUNG-MED.mp3?_=1\" \/><a href=\"https:\/\/vibz.dk\/mmr\/wp-content\/uploads\/2025\/12\/MESTER-HAR-PUNG-MED.mp3\">https:\/\/vibz.dk\/mmr\/wp-content\/uploads\/2025\/12\/MESTER-HAR-PUNG-MED.mp3<\/a><\/audio><\/div><\/div>\n\n\n\n<p><\/p>\n<\/div><\/div>\n\n\n\n<hr class=\"wp-block-separator has-alpha-channel-opacity\"\/>\n\n\n\n<figure class=\"wp-block-image size-large\"><img decoding=\"async\" src=\"https:\/\/vibz.dk\/mmr\/wp-content\/uploads\/2025\/12\/MESTER-HAR-PUNG-MED-mp3-image.jpg\" alt=\"\"\/><\/figure>\n\n\n<div class='bootstrap-yop yop-poll-mc'>\n\t\t\t\t\t\t\t<div class=\"basic-yop-poll-container\" style=\"background-color:#555555; border:0px; border-style:solid; border-color:#555555; border-radius:7px; padding:10px 10px;\" data-id=\"4\" data-temp=\"basic\" data-skin=\"minimal\" data-cscheme=\"black\" data-cap=\"0\" data-access=\"guest\" data-tid=\"\" data-uid=\"332ee299009d49120977f47c34d3985e\" data-pid=\"63\" data-resdet=\"percentages\" data-show-results-to=\"guest\" data-show-results-moment=\"after-vote\" data-show-results-only=\"false\" data-show-message=\"true\" data-show-results-as=\"bar\" data-sort-results-by=\"as-defined\" data-sort-results-rule=\"asc\"data-is-ended=\"0\" data-gdpr=\"no\" data-gdpr-sol=\"consent\" data-css=\".basic-yop-poll-container[data-uid] .basic-vote { text-align: center; }\" data-counter=\"0\" data-load-with=\"1\" data-notification-section=\"top\"><div class=\"row\"><div class=\"col-md-12\"><div class=\"basic-inner\"><div class=\"basic-message hide\" style=\"border-left: 10px solid #008000; padding: 0px 10px;\" data-error=\"#ff0000\" data-success=\"#008000\"><p class=\"basic-message-text\" style=\"color:#000000; font-size:14px; font-weight:normal;\"><\/p><\/div><div class=\"basic-overlay hide\"><div class=\"basic-vote-options\"><\/div><div class=\"basic-preloader\"><div class=\"basic-windows8\"><div class=\"basic-wBall basic-wBall_1\"><div class=\"basic-wInnerBall\"><\/div><\/div><div class=\"basic-wBall basic-wBall_2\"><div class=\"basic-wInnerBall\"><\/div><\/div><div class=\"basic-wBall basic-wBall_3\"><div class=\"basic-wInnerBall\"><\/div><\/div><div class=\"basic-wBall basic-wBall_4\"><div class=\"basic-wInnerBall\"><\/div><\/div><div class=\"basic-wBall basic-wBall_5\"><div class=\"basic-wInnerBall\"><\/div><\/div><\/div><\/div><\/div><form class=\"basic-form\"><input type=\"hidden\" name=\"_token\" value=\"d8d973ccdf\" autocomplete=\"off\"><div class=\"basic-elements\"><div class=\"basic-element basic-question basic-question-text-vertical\" data-id=\"4\" data-uid=\"813f65ef328e4e18a3813571421335a8\" data-type=\"question\" data-question-type=\"text\" data-allow-multiple=\"no\" data-min=\"1\" data-max=\"1\" data-display=\"vertical\" data-colnum=\"\" data-display-others=\"no\" data-others-color=\"\" data-others=\"\"><div role=\"heading\" aria-level=\"5\" class=\"basic-question-title\" style=\"color:#ffffff; font-size:16px; font-weight:normal; text-align:center;\">How hot is this track?<\/div><ul class=\"basic-answers\"><li class=\"basic-answer\" style=\"padding:0px 0px;\" data-id=\"16\" data-type=\"text\" data-vn=\"2\" data-color=\"#000000\" data-make-link=\"no\" data-link=\"\"><div class=\"basic-answer-content basic-text-vertical\"><label for=\"answer[16]\" class=\"basic-answer-label\"><input type=\"radio\" id=\"answer[16]\" name=\"answer[4]\" value=\"16\"  autocomplete=\"off\"><span class=\"basic-text\" style=\"color: #ffffff; font-size: 14px; font-weight: normal;\" tabindex=\"0\">\ud83d\udd25\ud83d\udd25\ud83d\udd25\ud83d\udd25\ud83d\udd25 \u2014 Absolute inferno<\/span><\/label><\/div><\/li><li class=\"basic-answer\" style=\"padding:0px 0px;\" data-id=\"17\" data-type=\"text\" data-vn=\"0\" data-color=\"#000000\" data-make-link=\"no\" data-link=\"\"><div class=\"basic-answer-content basic-text-vertical\"><label for=\"answer[17]\" class=\"basic-answer-label\"><input type=\"radio\" id=\"answer[17]\" name=\"answer[4]\" value=\"17\"  autocomplete=\"off\"><span class=\"basic-text\" style=\"color: #ffffff; font-size: 14px; font-weight: normal;\" tabindex=\"0\">\ud83d\udd25\ud83d\udd25\ud83d\udd25\ud83d\udd25 \u2014 Burning hot<\/span><\/label><\/div><\/li><li class=\"basic-answer\" style=\"padding:0px 0px;\" data-id=\"18\" data-type=\"text\" data-vn=\"0\" data-color=\"#000000\" data-make-link=\"no\" data-link=\"\"><div class=\"basic-answer-content basic-text-vertical\"><label for=\"answer[18]\" class=\"basic-answer-label\"><input type=\"radio\" id=\"answer[18]\" name=\"answer[4]\" value=\"18\"  autocomplete=\"off\"><span class=\"basic-text\" style=\"color: #ffffff; font-size: 14px; font-weight: normal;\" tabindex=\"0\">\ud83d\udd25\ud83d\udd25\ud83d\udd25 \u2014 Strong fire<\/span><\/label><\/div><\/li><li class=\"basic-answer\" style=\"padding:0px 0px;\" data-id=\"19\" data-type=\"text\" data-vn=\"0\" data-color=\"#000000\" data-make-link=\"no\" data-link=\"\"><div class=\"basic-answer-content basic-text-vertical\"><label for=\"answer[19]\" class=\"basic-answer-label\"><input type=\"radio\" id=\"answer[19]\" name=\"answer[4]\" value=\"19\"  autocomplete=\"off\"><span class=\"basic-text\" style=\"color: #ffffff; font-size: 14px; font-weight: normal;\" tabindex=\"0\">\ud83d\udd25\ud83d\udd25 \u2014 Solid spark<\/span><\/label><\/div><\/li><li class=\"basic-answer\" style=\"padding:0px 0px;\" data-id=\"20\" data-type=\"text\" data-vn=\"0\" data-color=\"#000000\" data-make-link=\"no\" data-link=\"\"><div class=\"basic-answer-content basic-text-vertical\"><label for=\"answer[20]\" class=\"basic-answer-label\"><input type=\"radio\" id=\"answer[20]\" name=\"answer[4]\" value=\"20\"  autocomplete=\"off\"><span class=\"basic-text\" style=\"color: #ffffff; font-size: 14px; font-weight: normal;\" tabindex=\"0\">\ud83d\udd25 \u2014 Maybe good<\/span><\/label><\/div><\/li><\/ul><\/div><div class=\"clearfix\"><\/div><\/div><div class=\"basic-vote\"><a href=\"#\" class=\"button basic-vote-button\" role=\"button\" style=\"background:#ffffff; border:1px; border-style: solid; border-color:#000000; border-radius:0px; padding:5px 10px; color:#000000; font-size:14px; font-weight:normal;\">Stem<\/a><\/div><\/form><\/div><\/div><\/div><\/div>\n\t\t\t\t\t\t<\/div>\n\n\n\n<hr class=\"wp-block-separator has-alpha-channel-opacity\"\/>\n<\/div>\n\n\n\n<div class=\"wp-block-column notranslate is-layout-flow wp-block-column-is-layout-flow\" style=\"flex-basis:50%\">\n<h6 class=\"wp-block-heading\">Lyrics<\/h6>\n\n\n\n<p class=\"has-small-font-size\"><strong>[VERS 1] <\/strong><br><em>Mandag morgen, klokken syv <br>Vi l\u00f8fter blokke, vi holder styr <br>Gasbeton rejser sig, mur p\u00e5 mur <br>Vi bygger st\u00e6rkt \u2013 det er vores kultur! <\/em><\/p>\n\n\n\n<p class=\"has-small-font-size\"><strong>[PRE-CHORUS] <\/strong><br><em>Fem dages slid, vi har givet alt <br>Nu er det fredag \u2013 og festen kaldt! <\/em><\/p>\n\n\n\n<p class=\"has-small-font-size\"><strong>[OMKV\u00c6D] <\/strong><br><em>NU ER DET FREDAG! <br>FREDAG EFTERMIDDAG! <br>SLUT MED BLOK OG DAG! <br>MESTER HAR PUNG MED! <br>\u00d8L! SPRUT! KLAR! <br>VI SKAL FESTE HELE NATTEN! <br>ELEMENTMONT\u00d8REN HOLDER STANDEN! <\/em><\/p>\n\n\n\n<p class=\"has-small-font-size\"><strong>[VERS 2] <\/strong><br><em>Saven sk\u00e6rer, m\u00e5let er klart <br>Vi bygger huse, vi g\u00f8r det smart <br>Pr\u00e6cision og styrke, vi st\u00e5r som \u00e9t <br>Kvalitet i h\u00e5nden \u2013 det er vores s\u00e6t! <\/em><\/p>\n\n\n\n<p class=\"has-small-font-size\"><strong>[PRE-CHORUS] <\/strong><br><em>Fem dages slid, vi har givet alt <br>Nu er det fredag \u2013 og festen kaldt! <\/em><\/p>\n\n\n\n<p class=\"has-small-font-size\"><strong>[OMKV\u00c6D] <\/strong><br><em>NU ER DET FREDAG! <br>FREDAG EFTERMIDDAG! <br>SLUT MED BLOK OG DAG! <br>MESTER HAR PUNG MED! <br>\u00d8L! SPRUT! KLAR! <br>VI SKAL FESTE HELE NATTEN! <br>ELEMENTMONT\u00d8REN HOLDER STANDEN! <\/em><\/p>\n\n\n\n<p class=\"has-small-font-size\"><strong>[BRIDGE] <\/strong><br><em>Mester \u00e5bner pungen \u2013 den STORE pung! <br>Vi drikker, vi r\u00e5ber, vi synger i tung! <br>\u00c9n gang om \u00e5ret \u2013 det er her, det sker! <br>Vi er mont\u00f8rer \u2013 de bedste, det er klart! <\/em><\/p>\n\n\n\n<p class=\"has-small-font-size\"><strong>[OMKV\u00c6D] <\/strong><br><em>NU ER DET FREDAG! <br>FREDAG EFTERMIDDAG! <br>SLUT MED BLOK OG DAG! <br>MESTER HAR PUNG MED! <br>\u00d8L! SPRUT! KLAR! <br>VI SKAL FESTE HELE NATTEN! <br>ELEMENTMONT\u00d8REN HOLDER STANDEN! <\/em><\/p>\n\n\n\n<p class=\"has-small-font-size\"><strong>[OUTRO] <\/strong><br><em>JULEFROKOST! GASBETON! JULEFROKOST! JULEFROKOST! GASBETON! JULEFROKOST! ELEMENTMONT\u00d8REN STYRER!<\/em><\/p>\n<\/div>\n<\/div>\n\n\n\n<div class=\"wp-block-group\"><div class=\"wp-block-group__inner-container is-layout-constrained wp-block-group-is-layout-constrained\">\n<hr class=\"wp-block-separator has-alpha-channel-opacity is-style-wide\"\/>\n\n\n\n<div class=\"wp-block-buttons is-content-justification-center is-layout-flex wp-container-core-buttons-is-layout-16018d1d wp-block-buttons-is-layout-flex\">\n<div class=\"wp-block-button\"><a class=\"wp-block-button__link wp-element-button\" href=\"https:\/\/vibz.dk\/mmr\/music-2-0\/\">MUSIC<\/a><\/div>\n\n\n\n<div class=\"wp-block-button\"><a class=\"wp-block-button__link wp-element-button\" href=\"https:\/\/vibz.dk\/mmr\/\">HOME<\/a><\/div>\n<\/div>\n\n\n\n<hr class=\"wp-block-separator has-alpha-channel-opacity is-style-wide\"\/>\n\n\n\n<p><\/p>\n<\/div><\/div>\n","protected":false},"excerpt":{"rendered":"<p>Mester har pung med! \u201cMester har pung med!\u201d udarbejdet til \u00e5rets julefrokost 2025 hos firmaet Elementmont\u00f8ren. Lyrics [VERS 1] Mandag morgen, klokken syv Vi l\u00f8fter [&#8230;]<\/p>\n","protected":false},"author":1,"featured_media":0,"parent":0,"menu_order":0,"comment_status":"closed","ping_status":"closed","template":"templates\/template-no-title.php","meta":{"footnotes":"","_links_to":"","_links_to_target":""},"class_list":["post-63","page","type-page","status-publish","hentry"],"yoast_head":"<!-- This site is optimized with the Yoast SEO plugin v27.4 - https:\/\/yoast.com\/product\/yoast-seo-wordpress\/ -->\n<title>MESTER HAR PUNG MED! - Mud Music Reject<\/title>\n<meta name=\"description\" content=\"En punk\/rock-sang skrevet og produceret specielt til \u00e5rets julefrokost 2025 hos firmaet Elementmont\u00f8ren. God Jul.\" \/>\n<meta name=\"robots\" content=\"index, follow, max-snippet:-1, max-image-preview:large, max-video-preview:-1\" \/>\n<link rel=\"canonical\" href=\"https:\/\/vibz.dk\/mmr\/mester-har-pung-med-2\/\" \/>\n<meta property=\"og:locale\" content=\"da_DK\" \/>\n<meta property=\"og:type\" content=\"article\" \/>\n<meta property=\"og:title\" content=\"MESTER HAR PUNG MED! - Mud Music Reject\" \/>\n<meta property=\"og:description\" content=\"En punk\/rock-sang skrevet og produceret specielt til \u00e5rets julefrokost 2025 hos firmaet Elementmont\u00f8ren. God Jul.\" \/>\n<meta property=\"og:url\" content=\"https:\/\/vibz.dk\/mmr\/mester-har-pung-med-2\/\" \/>\n<meta property=\"og:site_name\" content=\"Mud Music Reject\" \/>\n<meta property=\"article:modified_time\" content=\"2026-01-22T19:12:44+00:00\" \/>\n<meta property=\"og:image\" content=\"https:\/\/vibz.dk\/mmr\/wp-content\/uploads\/2025\/12\/MESTER-HAR-PUNG-MED-mp3-image.jpg\" \/>\n<meta name=\"twitter:card\" content=\"summary_large_image\" \/>\n<meta name=\"twitter:label1\" content=\"Estimeret l\u00e6setid\" \/>\n\t<meta name=\"twitter:data1\" content=\"3 minutter\" \/>\n<script type=\"application\/ld+json\" class=\"yoast-schema-graph\">{\"@context\":\"https:\\\/\\\/schema.org\",\"@graph\":[{\"@type\":\"WebPage\",\"@id\":\"https:\\\/\\\/vibz.dk\\\/mmr\\\/mester-har-pung-med-2\\\/\",\"url\":\"https:\\\/\\\/vibz.dk\\\/mmr\\\/mester-har-pung-med-2\\\/\",\"name\":\"MESTER HAR PUNG MED! - Mud Music Reject\",\"isPartOf\":{\"@id\":\"https:\\\/\\\/vibz.dk\\\/mmr\\\/#website\"},\"primaryImageOfPage\":{\"@id\":\"https:\\\/\\\/vibz.dk\\\/mmr\\\/mester-har-pung-med-2\\\/#primaryimage\"},\"image\":{\"@id\":\"https:\\\/\\\/vibz.dk\\\/mmr\\\/mester-har-pung-med-2\\\/#primaryimage\"},\"thumbnailUrl\":\"https:\\\/\\\/vibz.dk\\\/mmr\\\/wp-content\\\/uploads\\\/2025\\\/12\\\/MESTER-HAR-PUNG-MED-mp3-image.jpg\",\"datePublished\":\"2025-12-12T12:50:28+00:00\",\"dateModified\":\"2026-01-22T19:12:44+00:00\",\"description\":\"En punk\\\/rock-sang skrevet og produceret specielt til \u00e5rets julefrokost 2025 hos firmaet Elementmont\u00f8ren. God Jul.\",\"breadcrumb\":{\"@id\":\"https:\\\/\\\/vibz.dk\\\/mmr\\\/mester-har-pung-med-2\\\/#breadcrumb\"},\"inLanguage\":\"da-DK\",\"potentialAction\":[{\"@type\":\"ReadAction\",\"target\":[\"https:\\\/\\\/vibz.dk\\\/mmr\\\/mester-har-pung-med-2\\\/\"]}]},{\"@type\":\"ImageObject\",\"inLanguage\":\"da-DK\",\"@id\":\"https:\\\/\\\/vibz.dk\\\/mmr\\\/mester-har-pung-med-2\\\/#primaryimage\",\"url\":\"https:\\\/\\\/vibz.dk\\\/mmr\\\/wp-content\\\/uploads\\\/2025\\\/12\\\/MESTER-HAR-PUNG-MED-mp3-image.jpg\",\"contentUrl\":\"https:\\\/\\\/vibz.dk\\\/mmr\\\/wp-content\\\/uploads\\\/2025\\\/12\\\/MESTER-HAR-PUNG-MED-mp3-image.jpg\",\"width\":570,\"height\":843},{\"@type\":\"BreadcrumbList\",\"@id\":\"https:\\\/\\\/vibz.dk\\\/mmr\\\/mester-har-pung-med-2\\\/#breadcrumb\",\"itemListElement\":[{\"@type\":\"ListItem\",\"position\":1,\"name\":\"Hjem\",\"item\":\"https:\\\/\\\/vibz.dk\\\/mmr\\\/\"},{\"@type\":\"ListItem\",\"position\":2,\"name\":\"MESTER HAR PUNG MED!\"}]},{\"@type\":\"WebSite\",\"@id\":\"https:\\\/\\\/vibz.dk\\\/mmr\\\/#website\",\"url\":\"https:\\\/\\\/vibz.dk\\\/mmr\\\/\",\"name\":\"Mud Music Reject\",\"description\":\"LOUD SINCE DAY ONE\",\"publisher\":{\"@id\":\"https:\\\/\\\/vibz.dk\\\/mmr\\\/#organization\"},\"potentialAction\":[{\"@type\":\"SearchAction\",\"target\":{\"@type\":\"EntryPoint\",\"urlTemplate\":\"https:\\\/\\\/vibz.dk\\\/mmr\\\/?s={search_term_string}\"},\"query-input\":{\"@type\":\"PropertyValueSpecification\",\"valueRequired\":true,\"valueName\":\"search_term_string\"}}],\"inLanguage\":\"da-DK\"},{\"@type\":\"Organization\",\"@id\":\"https:\\\/\\\/vibz.dk\\\/mmr\\\/#organization\",\"name\":\"Mud Music Reject\",\"url\":\"https:\\\/\\\/vibz.dk\\\/mmr\\\/\",\"logo\":{\"@type\":\"ImageObject\",\"inLanguage\":\"da-DK\",\"@id\":\"https:\\\/\\\/vibz.dk\\\/mmr\\\/#\\\/schema\\\/logo\\\/image\\\/\",\"url\":\"https:\\\/\\\/vibz.dk\\\/mmr\\\/wp-content\\\/uploads\\\/2025\\\/12\\\/cropped-banner-MMR-ubg.png\",\"contentUrl\":\"https:\\\/\\\/vibz.dk\\\/mmr\\\/wp-content\\\/uploads\\\/2025\\\/12\\\/cropped-banner-MMR-ubg.png\",\"width\":874,\"height\":204,\"caption\":\"Mud Music Reject\"},\"image\":{\"@id\":\"https:\\\/\\\/vibz.dk\\\/mmr\\\/#\\\/schema\\\/logo\\\/image\\\/\"}}]}<\/script>\n<!-- \/ Yoast SEO plugin. -->","yoast_head_json":{"title":"MESTER HAR PUNG MED! - Mud Music Reject","description":"En punk\/rock-sang skrevet og produceret specielt til \u00e5rets julefrokost 2025 hos firmaet Elementmont\u00f8ren. God Jul.","robots":{"index":"index","follow":"follow","max-snippet":"max-snippet:-1","max-image-preview":"max-image-preview:large","max-video-preview":"max-video-preview:-1"},"canonical":"https:\/\/vibz.dk\/mmr\/mester-har-pung-med-2\/","og_locale":"da_DK","og_type":"article","og_title":"MESTER HAR PUNG MED! - Mud Music Reject","og_description":"En punk\/rock-sang skrevet og produceret specielt til \u00e5rets julefrokost 2025 hos firmaet Elementmont\u00f8ren. God Jul.","og_url":"https:\/\/vibz.dk\/mmr\/mester-har-pung-med-2\/","og_site_name":"Mud Music Reject","article_modified_time":"2026-01-22T19:12:44+00:00","og_image":[{"url":"https:\/\/vibz.dk\/mmr\/wp-content\/uploads\/2025\/12\/MESTER-HAR-PUNG-MED-mp3-image.jpg","type":"","width":"","height":""}],"twitter_card":"summary_large_image","twitter_misc":{"Estimeret l\u00e6setid":"3 minutter"},"schema":{"@context":"https:\/\/schema.org","@graph":[{"@type":"WebPage","@id":"https:\/\/vibz.dk\/mmr\/mester-har-pung-med-2\/","url":"https:\/\/vibz.dk\/mmr\/mester-har-pung-med-2\/","name":"MESTER HAR PUNG MED! - Mud Music Reject","isPartOf":{"@id":"https:\/\/vibz.dk\/mmr\/#website"},"primaryImageOfPage":{"@id":"https:\/\/vibz.dk\/mmr\/mester-har-pung-med-2\/#primaryimage"},"image":{"@id":"https:\/\/vibz.dk\/mmr\/mester-har-pung-med-2\/#primaryimage"},"thumbnailUrl":"https:\/\/vibz.dk\/mmr\/wp-content\/uploads\/2025\/12\/MESTER-HAR-PUNG-MED-mp3-image.jpg","datePublished":"2025-12-12T12:50:28+00:00","dateModified":"2026-01-22T19:12:44+00:00","description":"En punk\/rock-sang skrevet og produceret specielt til \u00e5rets julefrokost 2025 hos firmaet Elementmont\u00f8ren. God Jul.","breadcrumb":{"@id":"https:\/\/vibz.dk\/mmr\/mester-har-pung-med-2\/#breadcrumb"},"inLanguage":"da-DK","potentialAction":[{"@type":"ReadAction","target":["https:\/\/vibz.dk\/mmr\/mester-har-pung-med-2\/"]}]},{"@type":"ImageObject","inLanguage":"da-DK","@id":"https:\/\/vibz.dk\/mmr\/mester-har-pung-med-2\/#primaryimage","url":"https:\/\/vibz.dk\/mmr\/wp-content\/uploads\/2025\/12\/MESTER-HAR-PUNG-MED-mp3-image.jpg","contentUrl":"https:\/\/vibz.dk\/mmr\/wp-content\/uploads\/2025\/12\/MESTER-HAR-PUNG-MED-mp3-image.jpg","width":570,"height":843},{"@type":"BreadcrumbList","@id":"https:\/\/vibz.dk\/mmr\/mester-har-pung-med-2\/#breadcrumb","itemListElement":[{"@type":"ListItem","position":1,"name":"Hjem","item":"https:\/\/vibz.dk\/mmr\/"},{"@type":"ListItem","position":2,"name":"MESTER HAR PUNG MED!"}]},{"@type":"WebSite","@id":"https:\/\/vibz.dk\/mmr\/#website","url":"https:\/\/vibz.dk\/mmr\/","name":"Mud Music Reject","description":"LOUD SINCE DAY ONE","publisher":{"@id":"https:\/\/vibz.dk\/mmr\/#organization"},"potentialAction":[{"@type":"SearchAction","target":{"@type":"EntryPoint","urlTemplate":"https:\/\/vibz.dk\/mmr\/?s={search_term_string}"},"query-input":{"@type":"PropertyValueSpecification","valueRequired":true,"valueName":"search_term_string"}}],"inLanguage":"da-DK"},{"@type":"Organization","@id":"https:\/\/vibz.dk\/mmr\/#organization","name":"Mud Music Reject","url":"https:\/\/vibz.dk\/mmr\/","logo":{"@type":"ImageObject","inLanguage":"da-DK","@id":"https:\/\/vibz.dk\/mmr\/#\/schema\/logo\/image\/","url":"https:\/\/vibz.dk\/mmr\/wp-content\/uploads\/2025\/12\/cropped-banner-MMR-ubg.png","contentUrl":"https:\/\/vibz.dk\/mmr\/wp-content\/uploads\/2025\/12\/cropped-banner-MMR-ubg.png","width":874,"height":204,"caption":"Mud Music Reject"},"image":{"@id":"https:\/\/vibz.dk\/mmr\/#\/schema\/logo\/image\/"}}]}},"_links":{"self":[{"href":"https:\/\/vibz.dk\/mmr\/wp-json\/wp\/v2\/pages\/63","targetHints":{"allow":["GET"]}}],"collection":[{"href":"https:\/\/vibz.dk\/mmr\/wp-json\/wp\/v2\/pages"}],"about":[{"href":"https:\/\/vibz.dk\/mmr\/wp-json\/wp\/v2\/types\/page"}],"author":[{"embeddable":true,"href":"https:\/\/vibz.dk\/mmr\/wp-json\/wp\/v2\/users\/1"}],"replies":[{"embeddable":true,"href":"https:\/\/vibz.dk\/mmr\/wp-json\/wp\/v2\/comments?post=63"}],"version-history":[{"count":5,"href":"https:\/\/vibz.dk\/mmr\/wp-json\/wp\/v2\/pages\/63\/revisions"}],"predecessor-version":[{"id":279,"href":"https:\/\/vibz.dk\/mmr\/wp-json\/wp\/v2\/pages\/63\/revisions\/279"}],"wp:attachment":[{"href":"https:\/\/vibz.dk\/mmr\/wp-json\/wp\/v2\/media?parent=63"}],"curies":[{"name":"wp","href":"https:\/\/api.w.org\/{rel}","templated":true}]}}